{"id":2935,"date":"2026-03-09T22:46:09","date_gmt":"2026-03-09T22:46:09","guid":{"rendered":"https:\/\/makinalar.az\/?post_type=product&#038;p=2935"},"modified":"2026-03-09T22:46:09","modified_gmt":"2026-03-09T22:46:09","slug":"pultla-idar%c9%99-olunan-elevator-yukl%c9%99yici","status":"publish","type":"product","link":"https:\/\/makinalar.az\/az\/shop\/pultla-idar%c9%99-olunan-elevator-yukl%c9%99yici\/","title":{"rendered":"Pultla idar\u0259 olunan elevator y\u00fckl\u0259yici."},"content":{"rendered":"<p>Pultla idar\u0259 olunan elevator y\u00fckl\u0259yici.<br \/>\nYem,arpa,bu\u011fda,qar\u011f\u0131dal\u0131,pamb\u0131q \u00e7iyidi,torpaq v\u0259.s<br \/>\n1.70 h\u00fcnd\u00fcrl\u00fckd\u0259.<br \/>\nAnbarlarda yer d\u0259yi\u015fm\u0259k v\u0259 kis\u0259l\u0259r\u0259 doldurmaq \u00fc\u00e7\u00fcn ideal se\u00e7im.<br \/>\n0 faz\/3 kw m\u00fch\u0259rrik<\/p>","protected":false},"excerpt":{"rendered":"<p>Pultla idar\u0259 olunan elevator y\u00fckl\u0259yici. Yem,arpa,bu\u011fda,qar\u011f\u0131dal\u0131,pamb\u0131q \u00e7iyidi,torpaq v\u0259.s 1.70 h\u00fcnd\u00fcrl\u00fckd\u0259. Anbarlarda yer d\u0259yi\u015fm\u0259k v\u0259 kis\u0259l\u0259r\u0259 doldurmaq \u00fc\u00e7\u00fcn ideal se\u00e7im. 0 faz\/3 kw m\u00fch\u0259rrik<\/p>","protected":false},"featured_media":2936,"template":"","meta":{"_joinchat":[]},"product_brand":[],"product_cat":[23],"product_tag":[],"class_list":{"0":"post-2935","1":"product","2":"type-product","3":"status-publish","4":"has-post-thumbnail","6":"product_cat-all-products","8":"first","9":"instock","10":"shipping-taxable","11":"product-type-simple"},"yoast_head":"<!-- This site is optimized with the Yoast SEO plugin v26.6 - https:\/\/yoast.com\/wordpress\/plugins\/seo\/ -->\n<title>Pultla idar\u0259 olunan elevator y\u00fckl\u0259yici. - Makinalar.az<\/title>\n<meta name=\"robots\" content=\"index, follow, max-snippet:-1, max-image-preview:large, max-video-preview:-1\" \/>\n<link rel=\"canonical\" href=\"https:\/\/makinalar.az\/az\/shop\/pultla-idar\u0259-olunan-elevator-yukl\u0259yici\/\" \/>\n<meta property=\"og:locale\" content=\"az_AZ\" \/>\n<meta property=\"og:type\" content=\"article\" \/>\n<meta property=\"og:title\" content=\"Pultla idar\u0259 olunan elevator y\u00fckl\u0259yici. - Makinalar.az\" \/>\n<meta property=\"og:description\" content=\"Pultla idar\u0259 olunan elevator y\u00fckl\u0259yici. Yem,arpa,bu\u011fda,qar\u011f\u0131dal\u0131,pamb\u0131q \u00e7iyidi,torpaq v\u0259.s 1.70 h\u00fcnd\u00fcrl\u00fckd\u0259. Anbarlarda yer d\u0259yi\u015fm\u0259k v\u0259 kis\u0259l\u0259r\u0259 doldurmaq \u00fc\u00e7\u00fcn ideal se\u00e7im. 0 faz\/3 kw m\u00fch\u0259rrik\" \/>\n<meta property=\"og:url\" content=\"https:\/\/makinalar.az\/az\/shop\/pultla-idar\u0259-olunan-elevator-yukl\u0259yici\/\" \/>\n<meta property=\"og:site_name\" content=\"Makinalar.az\" \/>\n<meta property=\"og:image\" content=\"http:\/\/makinalar.az\/wp-content\/uploads\/2026\/03\/PHOTO-2026-03-08-16-22-42.jpg\" \/>\n\t<meta property=\"og:image:width\" content=\"1024\" \/>\n\t<meta property=\"og:image:height\" content=\"1536\" \/>\n\t<meta property=\"og:image:type\" content=\"image\/jpeg\" \/>\n<meta name=\"twitter:card\" content=\"summary_large_image\" \/>\n<meta name=\"twitter:label1\" content=\"Est. reading time\" \/>\n\t<meta name=\"twitter:data1\" content=\"1 minute\" \/>\n<script type=\"application\/ld+json\" class=\"yoast-schema-graph\">{\"@context\":\"https:\/\/schema.org\",\"@graph\":[{\"@type\":\"WebPage\",\"@id\":\"https:\/\/makinalar.az\/shop\/pultla-idar%c9%99-olunan-elevator-yukl%c9%99yici\/\",\"url\":\"https:\/\/makinalar.az\/shop\/pultla-idar%c9%99-olunan-elevator-yukl%c9%99yici\/\",\"name\":\"Pultla idar\u0259 olunan elevator y\u00fckl\u0259yici. - Makinalar.az\",\"isPartOf\":{\"@id\":\"https:\/\/makinalar.az\/az\/#website\"},\"primaryImageOfPage\":{\"@id\":\"https:\/\/makinalar.az\/shop\/pultla-idar%c9%99-olunan-elevator-yukl%c9%99yici\/#primaryimage\"},\"image\":{\"@id\":\"https:\/\/makinalar.az\/shop\/pultla-idar%c9%99-olunan-elevator-yukl%c9%99yici\/#primaryimage\"},\"thumbnailUrl\":\"https:\/\/makinalar.az\/wp-content\/uploads\/2026\/03\/PHOTO-2026-03-08-16-22-42.jpg\",\"datePublished\":\"2026-03-09T22:46:09+00:00\",\"breadcrumb\":{\"@id\":\"https:\/\/makinalar.az\/shop\/pultla-idar%c9%99-olunan-elevator-yukl%c9%99yici\/#breadcrumb\"},\"inLanguage\":\"az\",\"potentialAction\":[{\"@type\":\"ReadAction\",\"target\":[\"https:\/\/makinalar.az\/shop\/pultla-idar%c9%99-olunan-elevator-yukl%c9%99yici\/\"]}]},{\"@type\":\"ImageObject\",\"inLanguage\":\"az\",\"@id\":\"https:\/\/makinalar.az\/shop\/pultla-idar%c9%99-olunan-elevator-yukl%c9%99yici\/#primaryimage\",\"url\":\"https:\/\/makinalar.az\/wp-content\/uploads\/2026\/03\/PHOTO-2026-03-08-16-22-42.jpg\",\"contentUrl\":\"https:\/\/makinalar.az\/wp-content\/uploads\/2026\/03\/PHOTO-2026-03-08-16-22-42.jpg\",\"width\":1024,\"height\":1536},{\"@type\":\"BreadcrumbList\",\"@id\":\"https:\/\/makinalar.az\/shop\/pultla-idar%c9%99-olunan-elevator-yukl%c9%99yici\/#breadcrumb\",\"itemListElement\":[{\"@type\":\"ListItem\",\"position\":1,\"name\":\"Home\",\"item\":\"https:\/\/makinalar.az\/\"},{\"@type\":\"ListItem\",\"position\":2,\"name\":\"M\u0259hsullar\u0131m\u0131z\",\"item\":\"https:\/\/makinalar.az\/\"},{\"@type\":\"ListItem\",\"position\":3,\"name\":\"Pultla idar\u0259 olunan elevator y\u00fckl\u0259yici.\"}]},{\"@type\":\"WebSite\",\"@id\":\"https:\/\/makinalar.az\/az\/#website\",\"url\":\"https:\/\/makinalar.az\/az\/\",\"name\":\"MAKINALAR AZ\",\"description\":\"Ist\u0259nil\u0259n makinalar\u0131n v\u0259 avadanl\u0131qlar\u0131n sifari\u015f q\u0259bulu\",\"potentialAction\":[{\"@type\":\"SearchAction\",\"target\":{\"@type\":\"EntryPoint\",\"urlTemplate\":\"https:\/\/makinalar.az\/az\/?s={search_term_string}\"},\"query-input\":{\"@type\":\"PropertyValueSpecification\",\"valueRequired\":true,\"valueName\":\"search_term_string\"}}],\"inLanguage\":\"az\"}]}<\/script>\n<!-- \/ Yoast SEO plugin. -->","yoast_head_json":{"title":"Pultla idar\u0259 olunan elevator y\u00fckl\u0259yici. - Makinalar.az","robots":{"index":"index","follow":"follow","max-snippet":"max-snippet:-1","max-image-preview":"max-image-preview:large","max-video-preview":"max-video-preview:-1"},"canonical":"https:\/\/makinalar.az\/az\/shop\/pultla-idar\u0259-olunan-elevator-yukl\u0259yici\/","og_locale":"az_AZ","og_type":"article","og_title":"Pultla idar\u0259 olunan elevator y\u00fckl\u0259yici. - Makinalar.az","og_description":"Pultla idar\u0259 olunan elevator y\u00fckl\u0259yici. Yem,arpa,bu\u011fda,qar\u011f\u0131dal\u0131,pamb\u0131q \u00e7iyidi,torpaq v\u0259.s 1.70 h\u00fcnd\u00fcrl\u00fckd\u0259. Anbarlarda yer d\u0259yi\u015fm\u0259k v\u0259 kis\u0259l\u0259r\u0259 doldurmaq \u00fc\u00e7\u00fcn ideal se\u00e7im. 0 faz\/3 kw m\u00fch\u0259rrik","og_url":"https:\/\/makinalar.az\/az\/shop\/pultla-idar\u0259-olunan-elevator-yukl\u0259yici\/","og_site_name":"Makinalar.az","og_image":[{"width":1024,"height":1536,"url":"http:\/\/makinalar.az\/wp-content\/uploads\/2026\/03\/PHOTO-2026-03-08-16-22-42.jpg","type":"image\/jpeg"}],"twitter_card":"summary_large_image","twitter_misc":{"Est. reading time":"1 minute"},"schema":{"@context":"https:\/\/schema.org","@graph":[{"@type":"WebPage","@id":"https:\/\/makinalar.az\/shop\/pultla-idar%c9%99-olunan-elevator-yukl%c9%99yici\/","url":"https:\/\/makinalar.az\/shop\/pultla-idar%c9%99-olunan-elevator-yukl%c9%99yici\/","name":"Pultla idar\u0259 olunan elevator y\u00fckl\u0259yici. - Makinalar.az","isPartOf":{"@id":"https:\/\/makinalar.az\/az\/#website"},"primaryImageOfPage":{"@id":"https:\/\/makinalar.az\/shop\/pultla-idar%c9%99-olunan-elevator-yukl%c9%99yici\/#primaryimage"},"image":{"@id":"https:\/\/makinalar.az\/shop\/pultla-idar%c9%99-olunan-elevator-yukl%c9%99yici\/#primaryimage"},"thumbnailUrl":"https:\/\/makinalar.az\/wp-content\/uploads\/2026\/03\/PHOTO-2026-03-08-16-22-42.jpg","datePublished":"2026-03-09T22:46:09+00:00","breadcrumb":{"@id":"https:\/\/makinalar.az\/shop\/pultla-idar%c9%99-olunan-elevator-yukl%c9%99yici\/#breadcrumb"},"inLanguage":"az","potentialAction":[{"@type":"ReadAction","target":["https:\/\/makinalar.az\/shop\/pultla-idar%c9%99-olunan-elevator-yukl%c9%99yici\/"]}]},{"@type":"ImageObject","inLanguage":"az","@id":"https:\/\/makinalar.az\/shop\/pultla-idar%c9%99-olunan-elevator-yukl%c9%99yici\/#primaryimage","url":"https:\/\/makinalar.az\/wp-content\/uploads\/2026\/03\/PHOTO-2026-03-08-16-22-42.jpg","contentUrl":"https:\/\/makinalar.az\/wp-content\/uploads\/2026\/03\/PHOTO-2026-03-08-16-22-42.jpg","width":1024,"height":1536},{"@type":"BreadcrumbList","@id":"https:\/\/makinalar.az\/shop\/pultla-idar%c9%99-olunan-elevator-yukl%c9%99yici\/#breadcrumb","itemListElement":[{"@type":"ListItem","position":1,"name":"Home","item":"https:\/\/makinalar.az\/"},{"@type":"ListItem","position":2,"name":"M\u0259hsullar\u0131m\u0131z","item":"https:\/\/makinalar.az\/"},{"@type":"ListItem","position":3,"name":"Pultla idar\u0259 olunan elevator y\u00fckl\u0259yici."}]},{"@type":"WebSite","@id":"https:\/\/makinalar.az\/az\/#website","url":"https:\/\/makinalar.az\/az\/","name":"MAKINALAR AZ","description":"Ist\u0259nil\u0259n makinalar\u0131n v\u0259 avadanl\u0131qlar\u0131n sifari\u015f q\u0259bulu","potentialAction":[{"@type":"SearchAction","target":{"@type":"EntryPoint","urlTemplate":"https:\/\/makinalar.az\/az\/?s={search_term_string}"},"query-input":{"@type":"PropertyValueSpecification","valueRequired":true,"valueName":"search_term_string"}}],"inLanguage":"az"}]}},"_links":{"self":[{"href":"https:\/\/makinalar.az\/az\/wp-json\/wp\/v2\/product\/2935","targetHints":{"allow":["GET"]}}],"collection":[{"href":"https:\/\/makinalar.az\/az\/wp-json\/wp\/v2\/product"}],"about":[{"href":"https:\/\/makinalar.az\/az\/wp-json\/wp\/v2\/types\/product"}],"wp:featuredmedia":[{"embeddable":true,"href":"https:\/\/makinalar.az\/az\/wp-json\/wp\/v2\/media\/2936"}],"wp:attachment":[{"href":"https:\/\/makinalar.az\/az\/wp-json\/wp\/v2\/media?parent=2935"}],"wp:term":[{"taxonomy":"product_brand","embeddable":true,"href":"https:\/\/makinalar.az\/az\/wp-json\/wp\/v2\/product_brand?post=2935"},{"taxonomy":"product_cat","embeddable":true,"href":"https:\/\/makinalar.az\/az\/wp-json\/wp\/v2\/product_cat?post=2935"},{"taxonomy":"product_tag","embeddable":true,"href":"https:\/\/makinalar.az\/az\/wp-json\/wp\/v2\/product_tag?post=2935"}],"curies":[{"name":"wp","href":"https:\/\/api.w.org\/{rel}","templated":true}]}}