{"id":2925,"date":"2026-03-09T22:43:11","date_gmt":"2026-03-09T22:43:11","guid":{"rendered":"https:\/\/makinalar.az\/?post_type=product&#038;p=2925"},"modified":"2026-03-09T22:43:11","modified_gmt":"2026-03-09T22:43:11","slug":"toyuq-tuku-yolma-makinalar","status":"publish","type":"product","link":"https:\/\/makinalar.az\/az\/shop\/toyuq-tuku-yolma-makinalar\/","title":{"rendered":"Toyuq t\u00fck\u00fc yolma makinalar."},"content":{"rendered":"<p>Toyuq t\u00fck\u00fc yolma makinalar.<br \/>\n0 faz\/1.5 kw<br \/>\n1.5 kg-11 bildirsin<br \/>\n3 kg-1-3 toyuq<br \/>\n4 kg-4-5 toyuq<br \/>\n5 kg-5-7 toyuq<br \/>\n9 kg-7-11 toyuq<br \/>\n11 kg-10-15 toyuq<br \/>\n15 kg-15-20 toyuq<\/p>","protected":false},"excerpt":{"rendered":"<p>Toyuq t\u00fck\u00fc yolma makinalar. 0 faz\/1.5 kw 1.5 kg-11 bildirsin 3 kg-1-3 toyuq 4 kg-4-5 toyuq 5 kg-5-7 toyuq 9 kg-7-11 toyuq 11 kg-10-15 toyuq 15 kg-15-20 toyuq<\/p>","protected":false},"featured_media":2926,"template":"","meta":{"_joinchat":[]},"product_brand":[],"product_cat":[23],"product_tag":[],"class_list":{"0":"post-2925","1":"product","2":"type-product","3":"status-publish","4":"has-post-thumbnail","6":"product_cat-all-products","8":"first","9":"instock","10":"shipping-taxable","11":"product-type-simple"},"yoast_head":"<!-- This site is optimized with the Yoast SEO plugin v26.6 - https:\/\/yoast.com\/wordpress\/plugins\/seo\/ -->\n<title>Toyuq t\u00fck\u00fc yolma makinalar. - Makinalar.az<\/title>\n<meta name=\"robots\" content=\"index, follow, max-snippet:-1, max-image-preview:large, max-video-preview:-1\" \/>\n<link rel=\"canonical\" href=\"https:\/\/makinalar.az\/az\/shop\/toyuq-tuku-yolma-makinalar\/\" \/>\n<meta property=\"og:locale\" content=\"az_AZ\" \/>\n<meta property=\"og:type\" content=\"article\" \/>\n<meta property=\"og:title\" content=\"Toyuq t\u00fck\u00fc yolma makinalar. - Makinalar.az\" \/>\n<meta property=\"og:description\" content=\"Toyuq t\u00fck\u00fc yolma makinalar. 0 faz\/1.5 kw 1.5 kg-11 bildirsin 3 kg-1-3 toyuq 4 kg-4-5 toyuq 5 kg-5-7 toyuq 9 kg-7-11 toyuq 11 kg-10-15 toyuq 15 kg-15-20 toyuq\" \/>\n<meta property=\"og:url\" content=\"https:\/\/makinalar.az\/az\/shop\/toyuq-tuku-yolma-makinalar\/\" \/>\n<meta property=\"og:site_name\" content=\"Makinalar.az\" \/>\n<meta property=\"og:image\" content=\"http:\/\/makinalar.az\/wp-content\/uploads\/2026\/03\/PHOTO-2026-03-08-15-43-14.jpg\" \/>\n\t<meta property=\"og:image:width\" content=\"1024\" \/>\n\t<meta property=\"og:image:height\" content=\"1536\" \/>\n\t<meta property=\"og:image:type\" content=\"image\/jpeg\" \/>\n<meta name=\"twitter:card\" content=\"summary_large_image\" \/>\n<meta name=\"twitter:label1\" content=\"Est. reading time\" \/>\n\t<meta name=\"twitter:data1\" content=\"1 minute\" \/>\n<script type=\"application\/ld+json\" class=\"yoast-schema-graph\">{\"@context\":\"https:\/\/schema.org\",\"@graph\":[{\"@type\":\"WebPage\",\"@id\":\"https:\/\/makinalar.az\/shop\/toyuq-tuku-yolma-makinalar\/\",\"url\":\"https:\/\/makinalar.az\/shop\/toyuq-tuku-yolma-makinalar\/\",\"name\":\"Toyuq t\u00fck\u00fc yolma makinalar. - Makinalar.az\",\"isPartOf\":{\"@id\":\"https:\/\/makinalar.az\/az\/#website\"},\"primaryImageOfPage\":{\"@id\":\"https:\/\/makinalar.az\/shop\/toyuq-tuku-yolma-makinalar\/#primaryimage\"},\"image\":{\"@id\":\"https:\/\/makinalar.az\/shop\/toyuq-tuku-yolma-makinalar\/#primaryimage\"},\"thumbnailUrl\":\"https:\/\/makinalar.az\/wp-content\/uploads\/2026\/03\/PHOTO-2026-03-08-15-43-14.jpg\",\"datePublished\":\"2026-03-09T22:43:11+00:00\",\"breadcrumb\":{\"@id\":\"https:\/\/makinalar.az\/shop\/toyuq-tuku-yolma-makinalar\/#breadcrumb\"},\"inLanguage\":\"az\",\"potentialAction\":[{\"@type\":\"ReadAction\",\"target\":[\"https:\/\/makinalar.az\/shop\/toyuq-tuku-yolma-makinalar\/\"]}]},{\"@type\":\"ImageObject\",\"inLanguage\":\"az\",\"@id\":\"https:\/\/makinalar.az\/shop\/toyuq-tuku-yolma-makinalar\/#primaryimage\",\"url\":\"https:\/\/makinalar.az\/wp-content\/uploads\/2026\/03\/PHOTO-2026-03-08-15-43-14.jpg\",\"contentUrl\":\"https:\/\/makinalar.az\/wp-content\/uploads\/2026\/03\/PHOTO-2026-03-08-15-43-14.jpg\",\"width\":1024,\"height\":1536},{\"@type\":\"BreadcrumbList\",\"@id\":\"https:\/\/makinalar.az\/shop\/toyuq-tuku-yolma-makinalar\/#breadcrumb\",\"itemListElement\":[{\"@type\":\"ListItem\",\"position\":1,\"name\":\"Home\",\"item\":\"https:\/\/makinalar.az\/\"},{\"@type\":\"ListItem\",\"position\":2,\"name\":\"M\u0259hsullar\u0131m\u0131z\",\"item\":\"https:\/\/makinalar.az\/\"},{\"@type\":\"ListItem\",\"position\":3,\"name\":\"Toyuq t\u00fck\u00fc yolma makinalar.\"}]},{\"@type\":\"WebSite\",\"@id\":\"https:\/\/makinalar.az\/az\/#website\",\"url\":\"https:\/\/makinalar.az\/az\/\",\"name\":\"MAKINALAR AZ\",\"description\":\"Ist\u0259nil\u0259n makinalar\u0131n v\u0259 avadanl\u0131qlar\u0131n sifari\u015f q\u0259bulu\",\"potentialAction\":[{\"@type\":\"SearchAction\",\"target\":{\"@type\":\"EntryPoint\",\"urlTemplate\":\"https:\/\/makinalar.az\/az\/?s={search_term_string}\"},\"query-input\":{\"@type\":\"PropertyValueSpecification\",\"valueRequired\":true,\"valueName\":\"search_term_string\"}}],\"inLanguage\":\"az\"}]}<\/script>\n<!-- \/ Yoast SEO plugin. -->","yoast_head_json":{"title":"Toyuq t\u00fck\u00fc yolma makinalar. - Makinalar.az","robots":{"index":"index","follow":"follow","max-snippet":"max-snippet:-1","max-image-preview":"max-image-preview:large","max-video-preview":"max-video-preview:-1"},"canonical":"https:\/\/makinalar.az\/az\/shop\/toyuq-tuku-yolma-makinalar\/","og_locale":"az_AZ","og_type":"article","og_title":"Toyuq t\u00fck\u00fc yolma makinalar. - Makinalar.az","og_description":"Toyuq t\u00fck\u00fc yolma makinalar. 0 faz\/1.5 kw 1.5 kg-11 bildirsin 3 kg-1-3 toyuq 4 kg-4-5 toyuq 5 kg-5-7 toyuq 9 kg-7-11 toyuq 11 kg-10-15 toyuq 15 kg-15-20 toyuq","og_url":"https:\/\/makinalar.az\/az\/shop\/toyuq-tuku-yolma-makinalar\/","og_site_name":"Makinalar.az","og_image":[{"width":1024,"height":1536,"url":"http:\/\/makinalar.az\/wp-content\/uploads\/2026\/03\/PHOTO-2026-03-08-15-43-14.jpg","type":"image\/jpeg"}],"twitter_card":"summary_large_image","twitter_misc":{"Est. reading time":"1 minute"},"schema":{"@context":"https:\/\/schema.org","@graph":[{"@type":"WebPage","@id":"https:\/\/makinalar.az\/shop\/toyuq-tuku-yolma-makinalar\/","url":"https:\/\/makinalar.az\/shop\/toyuq-tuku-yolma-makinalar\/","name":"Toyuq t\u00fck\u00fc yolma makinalar. - Makinalar.az","isPartOf":{"@id":"https:\/\/makinalar.az\/az\/#website"},"primaryImageOfPage":{"@id":"https:\/\/makinalar.az\/shop\/toyuq-tuku-yolma-makinalar\/#primaryimage"},"image":{"@id":"https:\/\/makinalar.az\/shop\/toyuq-tuku-yolma-makinalar\/#primaryimage"},"thumbnailUrl":"https:\/\/makinalar.az\/wp-content\/uploads\/2026\/03\/PHOTO-2026-03-08-15-43-14.jpg","datePublished":"2026-03-09T22:43:11+00:00","breadcrumb":{"@id":"https:\/\/makinalar.az\/shop\/toyuq-tuku-yolma-makinalar\/#breadcrumb"},"inLanguage":"az","potentialAction":[{"@type":"ReadAction","target":["https:\/\/makinalar.az\/shop\/toyuq-tuku-yolma-makinalar\/"]}]},{"@type":"ImageObject","inLanguage":"az","@id":"https:\/\/makinalar.az\/shop\/toyuq-tuku-yolma-makinalar\/#primaryimage","url":"https:\/\/makinalar.az\/wp-content\/uploads\/2026\/03\/PHOTO-2026-03-08-15-43-14.jpg","contentUrl":"https:\/\/makinalar.az\/wp-content\/uploads\/2026\/03\/PHOTO-2026-03-08-15-43-14.jpg","width":1024,"height":1536},{"@type":"BreadcrumbList","@id":"https:\/\/makinalar.az\/shop\/toyuq-tuku-yolma-makinalar\/#breadcrumb","itemListElement":[{"@type":"ListItem","position":1,"name":"Home","item":"https:\/\/makinalar.az\/"},{"@type":"ListItem","position":2,"name":"M\u0259hsullar\u0131m\u0131z","item":"https:\/\/makinalar.az\/"},{"@type":"ListItem","position":3,"name":"Toyuq t\u00fck\u00fc yolma makinalar."}]},{"@type":"WebSite","@id":"https:\/\/makinalar.az\/az\/#website","url":"https:\/\/makinalar.az\/az\/","name":"MAKINALAR AZ","description":"Ist\u0259nil\u0259n makinalar\u0131n v\u0259 avadanl\u0131qlar\u0131n sifari\u015f q\u0259bulu","potentialAction":[{"@type":"SearchAction","target":{"@type":"EntryPoint","urlTemplate":"https:\/\/makinalar.az\/az\/?s={search_term_string}"},"query-input":{"@type":"PropertyValueSpecification","valueRequired":true,"valueName":"search_term_string"}}],"inLanguage":"az"}]}},"_links":{"self":[{"href":"https:\/\/makinalar.az\/az\/wp-json\/wp\/v2\/product\/2925","targetHints":{"allow":["GET"]}}],"collection":[{"href":"https:\/\/makinalar.az\/az\/wp-json\/wp\/v2\/product"}],"about":[{"href":"https:\/\/makinalar.az\/az\/wp-json\/wp\/v2\/types\/product"}],"wp:featuredmedia":[{"embeddable":true,"href":"https:\/\/makinalar.az\/az\/wp-json\/wp\/v2\/media\/2926"}],"wp:attachment":[{"href":"https:\/\/makinalar.az\/az\/wp-json\/wp\/v2\/media?parent=2925"}],"wp:term":[{"taxonomy":"product_brand","embeddable":true,"href":"https:\/\/makinalar.az\/az\/wp-json\/wp\/v2\/product_brand?post=2925"},{"taxonomy":"product_cat","embeddable":true,"href":"https:\/\/makinalar.az\/az\/wp-json\/wp\/v2\/product_cat?post=2925"},{"taxonomy":"product_tag","embeddable":true,"href":"https:\/\/makinalar.az\/az\/wp-json\/wp\/v2\/product_tag?post=2925"}],"curies":[{"name":"wp","href":"https:\/\/api.w.org\/{rel}","templated":true}]}}