{"id":2917,"date":"2026-03-09T22:39:41","date_gmt":"2026-03-09T22:39:41","guid":{"rendered":"https:\/\/makinalar.az\/?post_type=product&#038;p=2917"},"modified":"2026-03-09T22:39:41","modified_gmt":"2026-03-09T22:39:41","slug":"slanq-formasinda-yemarpaplastik-v%c9%99-s-yukl%c9%99yici-elevator-snek","status":"publish","type":"product","link":"https:\/\/makinalar.az\/az\/shop\/slanq-formasinda-yemarpaplastik-v%c9%99-s-yukl%c9%99yici-elevator-snek\/","title":{"rendered":"\u015elanq formas\u0131nda yem,arpa,plastik v\u0259 s. y\u00fckl\u0259yici elevator \u015fnek"},"content":{"rendered":"<p>\u015elanq formas\u0131nda yem,arpa,bu\u011fda,qar\u011f\u0131dal\u0131,torpaq,plastik v\u0259 s. y\u00fckl\u0259yici elevator \u015fnek<br \/>\n6\/8\/10\/12 metr uzunluqda<br \/>\n0 faz\/4.5 kw m\u00fch\u0259rrik<br \/>\n1 saat\/5-7 ton<\/p>","protected":false},"excerpt":{"rendered":"<p>\u015elanq formas\u0131nda yem,arpa,bu\u011fda,qar\u011f\u0131dal\u0131,torpaq,plastik v\u0259 s. y\u00fckl\u0259yici elevator \u015fnek 6\/8\/10\/12 metr uzunluqda 0 faz\/4.5 kw m\u00fch\u0259rrik 1 saat\/5-7 ton<\/p>","protected":false},"featured_media":2918,"template":"","meta":{"_joinchat":[]},"product_brand":[],"product_cat":[23],"product_tag":[],"class_list":{"0":"post-2917","1":"product","2":"type-product","3":"status-publish","4":"has-post-thumbnail","6":"product_cat-all-products","8":"first","9":"instock","10":"shipping-taxable","11":"product-type-simple"},"yoast_head":"<!-- This site is optimized with the Yoast SEO plugin v26.6 - https:\/\/yoast.com\/wordpress\/plugins\/seo\/ -->\n<title>\u015elanq formas\u0131nda yem,arpa,plastik v\u0259 s. y\u00fckl\u0259yici elevator \u015fnek - Makinalar.az<\/title>\n<meta name=\"robots\" content=\"index, follow, max-snippet:-1, max-image-preview:large, max-video-preview:-1\" \/>\n<link rel=\"canonical\" href=\"https:\/\/makinalar.az\/az\/shop\/slanq-formasinda-yemarpaplastik-v\u0259-s-yukl\u0259yici-elevator-snek\/\" \/>\n<meta property=\"og:locale\" content=\"az_AZ\" \/>\n<meta property=\"og:type\" content=\"article\" \/>\n<meta property=\"og:title\" content=\"\u015elanq formas\u0131nda yem,arpa,plastik v\u0259 s. y\u00fckl\u0259yici elevator \u015fnek - Makinalar.az\" \/>\n<meta property=\"og:description\" content=\"\u015elanq formas\u0131nda yem,arpa,bu\u011fda,qar\u011f\u0131dal\u0131,torpaq,plastik v\u0259 s. y\u00fckl\u0259yici elevator \u015fnek 6\/8\/10\/12 metr uzunluqda 0 faz\/4.5 kw m\u00fch\u0259rrik 1 saat\/5-7 ton\" \/>\n<meta property=\"og:url\" content=\"https:\/\/makinalar.az\/az\/shop\/slanq-formasinda-yemarpaplastik-v\u0259-s-yukl\u0259yici-elevator-snek\/\" \/>\n<meta property=\"og:site_name\" content=\"Makinalar.az\" \/>\n<meta property=\"og:image\" content=\"http:\/\/makinalar.az\/wp-content\/uploads\/2026\/03\/PHOTO-2026-03-08-15-38-10.jpg\" \/>\n\t<meta property=\"og:image:width\" content=\"1024\" \/>\n\t<meta property=\"og:image:height\" content=\"1536\" \/>\n\t<meta property=\"og:image:type\" content=\"image\/jpeg\" \/>\n<meta name=\"twitter:card\" content=\"summary_large_image\" \/>\n<meta name=\"twitter:label1\" content=\"Est. reading time\" \/>\n\t<meta name=\"twitter:data1\" content=\"1 minute\" \/>\n<script type=\"application\/ld+json\" class=\"yoast-schema-graph\">{\"@context\":\"https:\/\/schema.org\",\"@graph\":[{\"@type\":\"WebPage\",\"@id\":\"https:\/\/makinalar.az\/shop\/slanq-formasinda-yemarpaplastik-v%c9%99-s-yukl%c9%99yici-elevator-snek\/\",\"url\":\"https:\/\/makinalar.az\/shop\/slanq-formasinda-yemarpaplastik-v%c9%99-s-yukl%c9%99yici-elevator-snek\/\",\"name\":\"\u015elanq formas\u0131nda yem,arpa,plastik v\u0259 s. y\u00fckl\u0259yici elevator \u015fnek - Makinalar.az\",\"isPartOf\":{\"@id\":\"https:\/\/makinalar.az\/az\/#website\"},\"primaryImageOfPage\":{\"@id\":\"https:\/\/makinalar.az\/shop\/slanq-formasinda-yemarpaplastik-v%c9%99-s-yukl%c9%99yici-elevator-snek\/#primaryimage\"},\"image\":{\"@id\":\"https:\/\/makinalar.az\/shop\/slanq-formasinda-yemarpaplastik-v%c9%99-s-yukl%c9%99yici-elevator-snek\/#primaryimage\"},\"thumbnailUrl\":\"https:\/\/makinalar.az\/wp-content\/uploads\/2026\/03\/PHOTO-2026-03-08-15-38-10.jpg\",\"datePublished\":\"2026-03-09T22:39:41+00:00\",\"breadcrumb\":{\"@id\":\"https:\/\/makinalar.az\/shop\/slanq-formasinda-yemarpaplastik-v%c9%99-s-yukl%c9%99yici-elevator-snek\/#breadcrumb\"},\"inLanguage\":\"az\",\"potentialAction\":[{\"@type\":\"ReadAction\",\"target\":[\"https:\/\/makinalar.az\/shop\/slanq-formasinda-yemarpaplastik-v%c9%99-s-yukl%c9%99yici-elevator-snek\/\"]}]},{\"@type\":\"ImageObject\",\"inLanguage\":\"az\",\"@id\":\"https:\/\/makinalar.az\/shop\/slanq-formasinda-yemarpaplastik-v%c9%99-s-yukl%c9%99yici-elevator-snek\/#primaryimage\",\"url\":\"https:\/\/makinalar.az\/wp-content\/uploads\/2026\/03\/PHOTO-2026-03-08-15-38-10.jpg\",\"contentUrl\":\"https:\/\/makinalar.az\/wp-content\/uploads\/2026\/03\/PHOTO-2026-03-08-15-38-10.jpg\",\"width\":1024,\"height\":1536},{\"@type\":\"BreadcrumbList\",\"@id\":\"https:\/\/makinalar.az\/shop\/slanq-formasinda-yemarpaplastik-v%c9%99-s-yukl%c9%99yici-elevator-snek\/#breadcrumb\",\"itemListElement\":[{\"@type\":\"ListItem\",\"position\":1,\"name\":\"Home\",\"item\":\"https:\/\/makinalar.az\/\"},{\"@type\":\"ListItem\",\"position\":2,\"name\":\"M\u0259hsullar\u0131m\u0131z\",\"item\":\"https:\/\/makinalar.az\/\"},{\"@type\":\"ListItem\",\"position\":3,\"name\":\"\u015elanq formas\u0131nda yem,arpa,plastik v\u0259 s. y\u00fckl\u0259yici elevator \u015fnek\"}]},{\"@type\":\"WebSite\",\"@id\":\"https:\/\/makinalar.az\/az\/#website\",\"url\":\"https:\/\/makinalar.az\/az\/\",\"name\":\"MAKINALAR AZ\",\"description\":\"Ist\u0259nil\u0259n makinalar\u0131n v\u0259 avadanl\u0131qlar\u0131n sifari\u015f q\u0259bulu\",\"potentialAction\":[{\"@type\":\"SearchAction\",\"target\":{\"@type\":\"EntryPoint\",\"urlTemplate\":\"https:\/\/makinalar.az\/az\/?s={search_term_string}\"},\"query-input\":{\"@type\":\"PropertyValueSpecification\",\"valueRequired\":true,\"valueName\":\"search_term_string\"}}],\"inLanguage\":\"az\"}]}<\/script>\n<!-- \/ Yoast SEO plugin. -->","yoast_head_json":{"title":"\u015elanq formas\u0131nda yem,arpa,plastik v\u0259 s. y\u00fckl\u0259yici elevator \u015fnek - Makinalar.az","robots":{"index":"index","follow":"follow","max-snippet":"max-snippet:-1","max-image-preview":"max-image-preview:large","max-video-preview":"max-video-preview:-1"},"canonical":"https:\/\/makinalar.az\/az\/shop\/slanq-formasinda-yemarpaplastik-v\u0259-s-yukl\u0259yici-elevator-snek\/","og_locale":"az_AZ","og_type":"article","og_title":"\u015elanq formas\u0131nda yem,arpa,plastik v\u0259 s. y\u00fckl\u0259yici elevator \u015fnek - Makinalar.az","og_description":"\u015elanq formas\u0131nda yem,arpa,bu\u011fda,qar\u011f\u0131dal\u0131,torpaq,plastik v\u0259 s. y\u00fckl\u0259yici elevator \u015fnek 6\/8\/10\/12 metr uzunluqda 0 faz\/4.5 kw m\u00fch\u0259rrik 1 saat\/5-7 ton","og_url":"https:\/\/makinalar.az\/az\/shop\/slanq-formasinda-yemarpaplastik-v\u0259-s-yukl\u0259yici-elevator-snek\/","og_site_name":"Makinalar.az","og_image":[{"width":1024,"height":1536,"url":"http:\/\/makinalar.az\/wp-content\/uploads\/2026\/03\/PHOTO-2026-03-08-15-38-10.jpg","type":"image\/jpeg"}],"twitter_card":"summary_large_image","twitter_misc":{"Est. reading time":"1 minute"},"schema":{"@context":"https:\/\/schema.org","@graph":[{"@type":"WebPage","@id":"https:\/\/makinalar.az\/shop\/slanq-formasinda-yemarpaplastik-v%c9%99-s-yukl%c9%99yici-elevator-snek\/","url":"https:\/\/makinalar.az\/shop\/slanq-formasinda-yemarpaplastik-v%c9%99-s-yukl%c9%99yici-elevator-snek\/","name":"\u015elanq formas\u0131nda yem,arpa,plastik v\u0259 s. y\u00fckl\u0259yici elevator \u015fnek - Makinalar.az","isPartOf":{"@id":"https:\/\/makinalar.az\/az\/#website"},"primaryImageOfPage":{"@id":"https:\/\/makinalar.az\/shop\/slanq-formasinda-yemarpaplastik-v%c9%99-s-yukl%c9%99yici-elevator-snek\/#primaryimage"},"image":{"@id":"https:\/\/makinalar.az\/shop\/slanq-formasinda-yemarpaplastik-v%c9%99-s-yukl%c9%99yici-elevator-snek\/#primaryimage"},"thumbnailUrl":"https:\/\/makinalar.az\/wp-content\/uploads\/2026\/03\/PHOTO-2026-03-08-15-38-10.jpg","datePublished":"2026-03-09T22:39:41+00:00","breadcrumb":{"@id":"https:\/\/makinalar.az\/shop\/slanq-formasinda-yemarpaplastik-v%c9%99-s-yukl%c9%99yici-elevator-snek\/#breadcrumb"},"inLanguage":"az","potentialAction":[{"@type":"ReadAction","target":["https:\/\/makinalar.az\/shop\/slanq-formasinda-yemarpaplastik-v%c9%99-s-yukl%c9%99yici-elevator-snek\/"]}]},{"@type":"ImageObject","inLanguage":"az","@id":"https:\/\/makinalar.az\/shop\/slanq-formasinda-yemarpaplastik-v%c9%99-s-yukl%c9%99yici-elevator-snek\/#primaryimage","url":"https:\/\/makinalar.az\/wp-content\/uploads\/2026\/03\/PHOTO-2026-03-08-15-38-10.jpg","contentUrl":"https:\/\/makinalar.az\/wp-content\/uploads\/2026\/03\/PHOTO-2026-03-08-15-38-10.jpg","width":1024,"height":1536},{"@type":"BreadcrumbList","@id":"https:\/\/makinalar.az\/shop\/slanq-formasinda-yemarpaplastik-v%c9%99-s-yukl%c9%99yici-elevator-snek\/#breadcrumb","itemListElement":[{"@type":"ListItem","position":1,"name":"Home","item":"https:\/\/makinalar.az\/"},{"@type":"ListItem","position":2,"name":"M\u0259hsullar\u0131m\u0131z","item":"https:\/\/makinalar.az\/"},{"@type":"ListItem","position":3,"name":"\u015elanq formas\u0131nda yem,arpa,plastik v\u0259 s. y\u00fckl\u0259yici elevator \u015fnek"}]},{"@type":"WebSite","@id":"https:\/\/makinalar.az\/az\/#website","url":"https:\/\/makinalar.az\/az\/","name":"MAKINALAR AZ","description":"Ist\u0259nil\u0259n makinalar\u0131n v\u0259 avadanl\u0131qlar\u0131n sifari\u015f q\u0259bulu","potentialAction":[{"@type":"SearchAction","target":{"@type":"EntryPoint","urlTemplate":"https:\/\/makinalar.az\/az\/?s={search_term_string}"},"query-input":{"@type":"PropertyValueSpecification","valueRequired":true,"valueName":"search_term_string"}}],"inLanguage":"az"}]}},"_links":{"self":[{"href":"https:\/\/makinalar.az\/az\/wp-json\/wp\/v2\/product\/2917","targetHints":{"allow":["GET"]}}],"collection":[{"href":"https:\/\/makinalar.az\/az\/wp-json\/wp\/v2\/product"}],"about":[{"href":"https:\/\/makinalar.az\/az\/wp-json\/wp\/v2\/types\/product"}],"wp:featuredmedia":[{"embeddable":true,"href":"https:\/\/makinalar.az\/az\/wp-json\/wp\/v2\/media\/2918"}],"wp:attachment":[{"href":"https:\/\/makinalar.az\/az\/wp-json\/wp\/v2\/media?parent=2917"}],"wp:term":[{"taxonomy":"product_brand","embeddable":true,"href":"https:\/\/makinalar.az\/az\/wp-json\/wp\/v2\/product_brand?post=2917"},{"taxonomy":"product_cat","embeddable":true,"href":"https:\/\/makinalar.az\/az\/wp-json\/wp\/v2\/product_cat?post=2917"},{"taxonomy":"product_tag","embeddable":true,"href":"https:\/\/makinalar.az\/az\/wp-json\/wp\/v2\/product_tag?post=2917"}],"curies":[{"name":"wp","href":"https:\/\/api.w.org\/{rel}","templated":true}]}}