{"id":2904,"date":"2026-03-09T22:34:54","date_gmt":"2026-03-09T22:34:54","guid":{"rendered":"https:\/\/makinalar.az\/?post_type=product&#038;p=2904"},"modified":"2026-03-09T22:34:54","modified_gmt":"2026-03-09T22:34:54","slug":"150-kg-yem-qarisdiran-mikser","status":"publish","type":"product","link":"https:\/\/makinalar.az\/az\/shop\/150-kg-yem-qarisdiran-mikser\/","title":{"rendered":"150 kg yem qar\u0131\u015fd\u0131ran mikser"},"content":{"rendered":"<p>150 kg yem qar\u0131\u015fd\u0131ran mikser<br \/>\n0 faz\/2.2 kw m\u00fch\u0259rrik<\/p>","protected":false},"excerpt":{"rendered":"<p>150 kg yem qar\u0131\u015fd\u0131ran mikser 0 faz\/2.2 kw m\u00fch\u0259rrik<\/p>","protected":false},"featured_media":2905,"template":"","meta":{"_joinchat":[]},"product_brand":[],"product_cat":[23],"product_tag":[],"class_list":{"0":"post-2904","1":"product","2":"type-product","3":"status-publish","4":"has-post-thumbnail","6":"product_cat-all-products","8":"first","9":"instock","10":"shipping-taxable","11":"product-type-simple"},"yoast_head":"<!-- This site is optimized with the Yoast SEO plugin v26.6 - https:\/\/yoast.com\/wordpress\/plugins\/seo\/ -->\n<title>150 kg yem qar\u0131\u015fd\u0131ran mikser - Makinalar.az<\/title>\n<meta name=\"robots\" content=\"index, follow, max-snippet:-1, max-image-preview:large, max-video-preview:-1\" \/>\n<link rel=\"canonical\" href=\"https:\/\/makinalar.az\/az\/shop\/150-kg-yem-qarisdiran-mikser\/\" \/>\n<meta property=\"og:locale\" content=\"az_AZ\" \/>\n<meta property=\"og:type\" content=\"article\" \/>\n<meta property=\"og:title\" content=\"150 kg yem qar\u0131\u015fd\u0131ran mikser - Makinalar.az\" \/>\n<meta property=\"og:description\" content=\"150 kg yem qar\u0131\u015fd\u0131ran mikser 0 faz\/2.2 kw m\u00fch\u0259rrik\" \/>\n<meta property=\"og:url\" content=\"https:\/\/makinalar.az\/az\/shop\/150-kg-yem-qarisdiran-mikser\/\" \/>\n<meta property=\"og:site_name\" content=\"Makinalar.az\" \/>\n<meta property=\"og:image\" content=\"http:\/\/makinalar.az\/wp-content\/uploads\/2026\/03\/PHOTO-2026-03-08-15-30-19.jpg\" \/>\n\t<meta property=\"og:image:width\" content=\"1024\" \/>\n\t<meta property=\"og:image:height\" content=\"1536\" \/>\n\t<meta property=\"og:image:type\" content=\"image\/jpeg\" \/>\n<meta name=\"twitter:card\" content=\"summary_large_image\" \/>\n<meta name=\"twitter:label1\" content=\"Est. reading time\" \/>\n\t<meta name=\"twitter:data1\" content=\"1 minute\" \/>\n<script type=\"application\/ld+json\" class=\"yoast-schema-graph\">{\"@context\":\"https:\/\/schema.org\",\"@graph\":[{\"@type\":\"WebPage\",\"@id\":\"https:\/\/makinalar.az\/shop\/150-kg-yem-qarisdiran-mikser\/\",\"url\":\"https:\/\/makinalar.az\/shop\/150-kg-yem-qarisdiran-mikser\/\",\"name\":\"150 kg yem qar\u0131\u015fd\u0131ran mikser - Makinalar.az\",\"isPartOf\":{\"@id\":\"https:\/\/makinalar.az\/az\/#website\"},\"primaryImageOfPage\":{\"@id\":\"https:\/\/makinalar.az\/shop\/150-kg-yem-qarisdiran-mikser\/#primaryimage\"},\"image\":{\"@id\":\"https:\/\/makinalar.az\/shop\/150-kg-yem-qarisdiran-mikser\/#primaryimage\"},\"thumbnailUrl\":\"https:\/\/makinalar.az\/wp-content\/uploads\/2026\/03\/PHOTO-2026-03-08-15-30-19.jpg\",\"datePublished\":\"2026-03-09T22:34:54+00:00\",\"breadcrumb\":{\"@id\":\"https:\/\/makinalar.az\/shop\/150-kg-yem-qarisdiran-mikser\/#breadcrumb\"},\"inLanguage\":\"az\",\"potentialAction\":[{\"@type\":\"ReadAction\",\"target\":[\"https:\/\/makinalar.az\/shop\/150-kg-yem-qarisdiran-mikser\/\"]}]},{\"@type\":\"ImageObject\",\"inLanguage\":\"az\",\"@id\":\"https:\/\/makinalar.az\/shop\/150-kg-yem-qarisdiran-mikser\/#primaryimage\",\"url\":\"https:\/\/makinalar.az\/wp-content\/uploads\/2026\/03\/PHOTO-2026-03-08-15-30-19.jpg\",\"contentUrl\":\"https:\/\/makinalar.az\/wp-content\/uploads\/2026\/03\/PHOTO-2026-03-08-15-30-19.jpg\",\"width\":1024,\"height\":1536},{\"@type\":\"BreadcrumbList\",\"@id\":\"https:\/\/makinalar.az\/shop\/150-kg-yem-qarisdiran-mikser\/#breadcrumb\",\"itemListElement\":[{\"@type\":\"ListItem\",\"position\":1,\"name\":\"Home\",\"item\":\"https:\/\/makinalar.az\/\"},{\"@type\":\"ListItem\",\"position\":2,\"name\":\"M\u0259hsullar\u0131m\u0131z\",\"item\":\"https:\/\/makinalar.az\/\"},{\"@type\":\"ListItem\",\"position\":3,\"name\":\"150 kg yem qar\u0131\u015fd\u0131ran mikser\"}]},{\"@type\":\"WebSite\",\"@id\":\"https:\/\/makinalar.az\/az\/#website\",\"url\":\"https:\/\/makinalar.az\/az\/\",\"name\":\"MAKINALAR AZ\",\"description\":\"Ist\u0259nil\u0259n makinalar\u0131n v\u0259 avadanl\u0131qlar\u0131n sifari\u015f q\u0259bulu\",\"potentialAction\":[{\"@type\":\"SearchAction\",\"target\":{\"@type\":\"EntryPoint\",\"urlTemplate\":\"https:\/\/makinalar.az\/az\/?s={search_term_string}\"},\"query-input\":{\"@type\":\"PropertyValueSpecification\",\"valueRequired\":true,\"valueName\":\"search_term_string\"}}],\"inLanguage\":\"az\"}]}<\/script>\n<!-- \/ Yoast SEO plugin. -->","yoast_head_json":{"title":"150 kg yem qar\u0131\u015fd\u0131ran mikser - Makinalar.az","robots":{"index":"index","follow":"follow","max-snippet":"max-snippet:-1","max-image-preview":"max-image-preview:large","max-video-preview":"max-video-preview:-1"},"canonical":"https:\/\/makinalar.az\/az\/shop\/150-kg-yem-qarisdiran-mikser\/","og_locale":"az_AZ","og_type":"article","og_title":"150 kg yem qar\u0131\u015fd\u0131ran mikser - Makinalar.az","og_description":"150 kg yem qar\u0131\u015fd\u0131ran mikser 0 faz\/2.2 kw m\u00fch\u0259rrik","og_url":"https:\/\/makinalar.az\/az\/shop\/150-kg-yem-qarisdiran-mikser\/","og_site_name":"Makinalar.az","og_image":[{"width":1024,"height":1536,"url":"http:\/\/makinalar.az\/wp-content\/uploads\/2026\/03\/PHOTO-2026-03-08-15-30-19.jpg","type":"image\/jpeg"}],"twitter_card":"summary_large_image","twitter_misc":{"Est. reading time":"1 minute"},"schema":{"@context":"https:\/\/schema.org","@graph":[{"@type":"WebPage","@id":"https:\/\/makinalar.az\/shop\/150-kg-yem-qarisdiran-mikser\/","url":"https:\/\/makinalar.az\/shop\/150-kg-yem-qarisdiran-mikser\/","name":"150 kg yem qar\u0131\u015fd\u0131ran mikser - Makinalar.az","isPartOf":{"@id":"https:\/\/makinalar.az\/az\/#website"},"primaryImageOfPage":{"@id":"https:\/\/makinalar.az\/shop\/150-kg-yem-qarisdiran-mikser\/#primaryimage"},"image":{"@id":"https:\/\/makinalar.az\/shop\/150-kg-yem-qarisdiran-mikser\/#primaryimage"},"thumbnailUrl":"https:\/\/makinalar.az\/wp-content\/uploads\/2026\/03\/PHOTO-2026-03-08-15-30-19.jpg","datePublished":"2026-03-09T22:34:54+00:00","breadcrumb":{"@id":"https:\/\/makinalar.az\/shop\/150-kg-yem-qarisdiran-mikser\/#breadcrumb"},"inLanguage":"az","potentialAction":[{"@type":"ReadAction","target":["https:\/\/makinalar.az\/shop\/150-kg-yem-qarisdiran-mikser\/"]}]},{"@type":"ImageObject","inLanguage":"az","@id":"https:\/\/makinalar.az\/shop\/150-kg-yem-qarisdiran-mikser\/#primaryimage","url":"https:\/\/makinalar.az\/wp-content\/uploads\/2026\/03\/PHOTO-2026-03-08-15-30-19.jpg","contentUrl":"https:\/\/makinalar.az\/wp-content\/uploads\/2026\/03\/PHOTO-2026-03-08-15-30-19.jpg","width":1024,"height":1536},{"@type":"BreadcrumbList","@id":"https:\/\/makinalar.az\/shop\/150-kg-yem-qarisdiran-mikser\/#breadcrumb","itemListElement":[{"@type":"ListItem","position":1,"name":"Home","item":"https:\/\/makinalar.az\/"},{"@type":"ListItem","position":2,"name":"M\u0259hsullar\u0131m\u0131z","item":"https:\/\/makinalar.az\/"},{"@type":"ListItem","position":3,"name":"150 kg yem qar\u0131\u015fd\u0131ran mikser"}]},{"@type":"WebSite","@id":"https:\/\/makinalar.az\/az\/#website","url":"https:\/\/makinalar.az\/az\/","name":"MAKINALAR AZ","description":"Ist\u0259nil\u0259n makinalar\u0131n v\u0259 avadanl\u0131qlar\u0131n sifari\u015f q\u0259bulu","potentialAction":[{"@type":"SearchAction","target":{"@type":"EntryPoint","urlTemplate":"https:\/\/makinalar.az\/az\/?s={search_term_string}"},"query-input":{"@type":"PropertyValueSpecification","valueRequired":true,"valueName":"search_term_string"}}],"inLanguage":"az"}]}},"_links":{"self":[{"href":"https:\/\/makinalar.az\/az\/wp-json\/wp\/v2\/product\/2904","targetHints":{"allow":["GET"]}}],"collection":[{"href":"https:\/\/makinalar.az\/az\/wp-json\/wp\/v2\/product"}],"about":[{"href":"https:\/\/makinalar.az\/az\/wp-json\/wp\/v2\/types\/product"}],"wp:featuredmedia":[{"embeddable":true,"href":"https:\/\/makinalar.az\/az\/wp-json\/wp\/v2\/media\/2905"}],"wp:attachment":[{"href":"https:\/\/makinalar.az\/az\/wp-json\/wp\/v2\/media?parent=2904"}],"wp:term":[{"taxonomy":"product_brand","embeddable":true,"href":"https:\/\/makinalar.az\/az\/wp-json\/wp\/v2\/product_brand?post=2904"},{"taxonomy":"product_cat","embeddable":true,"href":"https:\/\/makinalar.az\/az\/wp-json\/wp\/v2\/product_cat?post=2904"},{"taxonomy":"product_tag","embeddable":true,"href":"https:\/\/makinalar.az\/az\/wp-json\/wp\/v2\/product_tag?post=2904"}],"curies":[{"name":"wp","href":"https:\/\/api.w.org\/{rel}","templated":true}]}}