{"id":2801,"date":"2024-02-21T21:10:36","date_gmt":"2024-02-21T21:10:36","guid":{"rendered":"https:\/\/makinalar.az\/?post_type=product&#038;p=2801"},"modified":"2024-02-26T20:19:49","modified_gmt":"2024-02-26T20:19:49","slug":"%f0%9f%87%b9%f0%9f%87%b7tinaz%f0%9f%87%b9%f0%9f%87%b7-ot-bic%c9%99n","status":"publish","type":"product","link":"https:\/\/makinalar.az\/az\/shop\/%f0%9f%87%b9%f0%9f%87%b7tinaz%f0%9f%87%b9%f0%9f%87%b7-ot-bic%c9%99n\/","title":{"rendered":"\ud83c\uddf9\ud83c\uddf7Tinaz\ud83c\uddf9\ud83c\uddf7 ot bi\u00e7\u0259n"},"content":{"rendered":"<p>T\u00fcrkiy\u0259 super q\u0259rar\u0131 \u201cTinaz\u201d firmas\u0131n\u0131n ot bi\u00e7\u0259nl\u0259ri<br \/>\n135 \/165\/190<br \/>\nSad\u0259\/silindrli<br \/>\n3\/4\/6 boltlu.<\/p>","protected":false},"excerpt":{"rendered":"<p>T\u00fcrkiy\u0259 super q\u0259rar\u0131 \u201cTinaz\u201d firmas\u0131n\u0131n ot bi\u00e7\u0259nl\u0259ri<br \/>\n135 \/165\/190<br \/>\nSad\u0259\/silindrli<br \/>\n3\/4\/6 boltlu.<\/p>","protected":false},"featured_media":2802,"template":"","meta":{"_joinchat":[]},"product_brand":[],"product_cat":[23,122],"product_tag":[],"class_list":{"0":"post-2801","1":"product","2":"type-product","3":"status-publish","4":"has-post-thumbnail","6":"product_cat-all-products","7":"product_cat-ot-bicn-kosilka-rotor","9":"first","10":"instock","11":"shipping-taxable","12":"purchasable","13":"product-type-simple"},"yoast_head":"<!-- This site is optimized with the Yoast SEO plugin v26.6 - https:\/\/yoast.com\/wordpress\/plugins\/seo\/ -->\n<title>\ud83c\uddf9\ud83c\uddf7Tinaz\ud83c\uddf9\ud83c\uddf7 ot bi\u00e7\u0259n - Makinalar.az<\/title>\n<meta name=\"robots\" content=\"index, follow, max-snippet:-1, max-image-preview:large, max-video-preview:-1\" \/>\n<link rel=\"canonical\" href=\"https:\/\/makinalar.az\/az\/shop\/\ud83c\uddf9\ud83c\uddf7tinaz\ud83c\uddf9\ud83c\uddf7-ot-bic\u0259n\/\" \/>\n<meta property=\"og:locale\" content=\"az_AZ\" \/>\n<meta property=\"og:type\" content=\"article\" \/>\n<meta property=\"og:title\" content=\"\ud83c\uddf9\ud83c\uddf7Tinaz\ud83c\uddf9\ud83c\uddf7 ot bi\u00e7\u0259n - Makinalar.az\" \/>\n<meta property=\"og:description\" content=\"T\u00fcrkiy\u0259nin super keyfiyy\u0259tli &quot;Tinaz&quot; firmas\u0131n\u0131n ot bi\u00e7\u0259nl\u0259ri 135 \/165\/190 Sad\u0259\/silindrli 3\/4\/6 boltlu.\" \/>\n<meta property=\"og:url\" content=\"https:\/\/makinalar.az\/az\/shop\/\ud83c\uddf9\ud83c\uddf7tinaz\ud83c\uddf9\ud83c\uddf7-ot-bic\u0259n\/\" \/>\n<meta property=\"og:site_name\" content=\"Makinalar.az\" \/>\n<meta property=\"article:modified_time\" content=\"2024-02-26T20:19:49+00:00\" \/>\n<meta property=\"og:image\" content=\"https:\/\/makinalar.az\/wp-content\/uploads\/2024\/02\/PHOTO-2024-02-22-01-08-46.jpg\" \/>\n\t<meta property=\"og:image:width\" content=\"1024\" \/>\n\t<meta property=\"og:image:height\" content=\"1365\" \/>\n\t<meta property=\"og:image:type\" content=\"image\/jpeg\" \/>\n<meta name=\"twitter:card\" content=\"summary_large_image\" \/>\n<script type=\"application\/ld+json\" class=\"yoast-schema-graph\">{\"@context\":\"https:\/\/schema.org\",\"@graph\":[{\"@type\":\"WebPage\",\"@id\":\"https:\/\/makinalar.az\/az\/shop\/%f0%9f%87%b9%f0%9f%87%b7tinaz%f0%9f%87%b9%f0%9f%87%b7-ot-bic%c9%99n\/\",\"url\":\"https:\/\/makinalar.az\/az\/shop\/%f0%9f%87%b9%f0%9f%87%b7tinaz%f0%9f%87%b9%f0%9f%87%b7-ot-bic%c9%99n\/\",\"name\":\"\ud83c\uddf9\ud83c\uddf7Tinaz\ud83c\uddf9\ud83c\uddf7 ot bi\u00e7\u0259n - Makinalar.az\",\"isPartOf\":{\"@id\":\"https:\/\/makinalar.az\/az\/#website\"},\"primaryImageOfPage\":{\"@id\":\"https:\/\/makinalar.az\/az\/shop\/%f0%9f%87%b9%f0%9f%87%b7tinaz%f0%9f%87%b9%f0%9f%87%b7-ot-bic%c9%99n\/#primaryimage\"},\"image\":{\"@id\":\"https:\/\/makinalar.az\/az\/shop\/%f0%9f%87%b9%f0%9f%87%b7tinaz%f0%9f%87%b9%f0%9f%87%b7-ot-bic%c9%99n\/#primaryimage\"},\"thumbnailUrl\":\"https:\/\/makinalar.az\/wp-content\/uploads\/2024\/02\/PHOTO-2024-02-22-01-08-46.jpg\",\"datePublished\":\"2024-02-21T21:10:36+00:00\",\"dateModified\":\"2024-02-26T20:19:49+00:00\",\"breadcrumb\":{\"@id\":\"https:\/\/makinalar.az\/az\/shop\/%f0%9f%87%b9%f0%9f%87%b7tinaz%f0%9f%87%b9%f0%9f%87%b7-ot-bic%c9%99n\/#breadcrumb\"},\"inLanguage\":\"az\",\"potentialAction\":[{\"@type\":\"ReadAction\",\"target\":[\"https:\/\/makinalar.az\/az\/shop\/%f0%9f%87%b9%f0%9f%87%b7tinaz%f0%9f%87%b9%f0%9f%87%b7-ot-bic%c9%99n\/\"]}]},{\"@type\":\"ImageObject\",\"inLanguage\":\"az\",\"@id\":\"https:\/\/makinalar.az\/az\/shop\/%f0%9f%87%b9%f0%9f%87%b7tinaz%f0%9f%87%b9%f0%9f%87%b7-ot-bic%c9%99n\/#primaryimage\",\"url\":\"https:\/\/makinalar.az\/wp-content\/uploads\/2024\/02\/PHOTO-2024-02-22-01-08-46.jpg\",\"contentUrl\":\"https:\/\/makinalar.az\/wp-content\/uploads\/2024\/02\/PHOTO-2024-02-22-01-08-46.jpg\",\"width\":1024,\"height\":1365},{\"@type\":\"BreadcrumbList\",\"@id\":\"https:\/\/makinalar.az\/az\/shop\/%f0%9f%87%b9%f0%9f%87%b7tinaz%f0%9f%87%b9%f0%9f%87%b7-ot-bic%c9%99n\/#breadcrumb\",\"itemListElement\":[{\"@type\":\"ListItem\",\"position\":1,\"name\":\"Home\",\"item\":\"https:\/\/makinalar.az\/\"},{\"@type\":\"ListItem\",\"position\":2,\"name\":\"M\u0259hsullar\u0131m\u0131z\",\"item\":\"https:\/\/makinalar.az\/\"},{\"@type\":\"ListItem\",\"position\":3,\"name\":\"\ud83c\uddf9\ud83c\uddf7Tinaz\ud83c\uddf9\ud83c\uddf7 ot bi\u00e7\u0259n\"}]},{\"@type\":\"WebSite\",\"@id\":\"https:\/\/makinalar.az\/az\/#website\",\"url\":\"https:\/\/makinalar.az\/az\/\",\"name\":\"MAKINALAR AZ\",\"description\":\"Ist\u0259nil\u0259n makinalar\u0131n v\u0259 avadanl\u0131qlar\u0131n sifari\u015f q\u0259bulu\",\"potentialAction\":[{\"@type\":\"SearchAction\",\"target\":{\"@type\":\"EntryPoint\",\"urlTemplate\":\"https:\/\/makinalar.az\/az\/?s={search_term_string}\"},\"query-input\":{\"@type\":\"PropertyValueSpecification\",\"valueRequired\":true,\"valueName\":\"search_term_string\"}}],\"inLanguage\":\"az\"}]}<\/script>\n<!-- \/ Yoast SEO plugin. -->","yoast_head_json":{"title":"\ud83c\uddf9\ud83c\uddf7Tinaz\ud83c\uddf9\ud83c\uddf7 ot bi\u00e7\u0259n - Makinalar.az","robots":{"index":"index","follow":"follow","max-snippet":"max-snippet:-1","max-image-preview":"max-image-preview:large","max-video-preview":"max-video-preview:-1"},"canonical":"https:\/\/makinalar.az\/az\/shop\/\ud83c\uddf9\ud83c\uddf7tinaz\ud83c\uddf9\ud83c\uddf7-ot-bic\u0259n\/","og_locale":"az_AZ","og_type":"article","og_title":"\ud83c\uddf9\ud83c\uddf7Tinaz\ud83c\uddf9\ud83c\uddf7 ot bi\u00e7\u0259n - Makinalar.az","og_description":"T\u00fcrkiy\u0259nin super keyfiyy\u0259tli \"Tinaz\" firmas\u0131n\u0131n ot bi\u00e7\u0259nl\u0259ri 135 \/165\/190 Sad\u0259\/silindrli 3\/4\/6 boltlu.","og_url":"https:\/\/makinalar.az\/az\/shop\/\ud83c\uddf9\ud83c\uddf7tinaz\ud83c\uddf9\ud83c\uddf7-ot-bic\u0259n\/","og_site_name":"Makinalar.az","article_modified_time":"2024-02-26T20:19:49+00:00","og_image":[{"width":1024,"height":1365,"url":"https:\/\/makinalar.az\/wp-content\/uploads\/2024\/02\/PHOTO-2024-02-22-01-08-46.jpg","type":"image\/jpeg"}],"twitter_card":"summary_large_image","schema":{"@context":"https:\/\/schema.org","@graph":[{"@type":"WebPage","@id":"https:\/\/makinalar.az\/az\/shop\/%f0%9f%87%b9%f0%9f%87%b7tinaz%f0%9f%87%b9%f0%9f%87%b7-ot-bic%c9%99n\/","url":"https:\/\/makinalar.az\/az\/shop\/%f0%9f%87%b9%f0%9f%87%b7tinaz%f0%9f%87%b9%f0%9f%87%b7-ot-bic%c9%99n\/","name":"\ud83c\uddf9\ud83c\uddf7Tinaz\ud83c\uddf9\ud83c\uddf7 ot bi\u00e7\u0259n - Makinalar.az","isPartOf":{"@id":"https:\/\/makinalar.az\/az\/#website"},"primaryImageOfPage":{"@id":"https:\/\/makinalar.az\/az\/shop\/%f0%9f%87%b9%f0%9f%87%b7tinaz%f0%9f%87%b9%f0%9f%87%b7-ot-bic%c9%99n\/#primaryimage"},"image":{"@id":"https:\/\/makinalar.az\/az\/shop\/%f0%9f%87%b9%f0%9f%87%b7tinaz%f0%9f%87%b9%f0%9f%87%b7-ot-bic%c9%99n\/#primaryimage"},"thumbnailUrl":"https:\/\/makinalar.az\/wp-content\/uploads\/2024\/02\/PHOTO-2024-02-22-01-08-46.jpg","datePublished":"2024-02-21T21:10:36+00:00","dateModified":"2024-02-26T20:19:49+00:00","breadcrumb":{"@id":"https:\/\/makinalar.az\/az\/shop\/%f0%9f%87%b9%f0%9f%87%b7tinaz%f0%9f%87%b9%f0%9f%87%b7-ot-bic%c9%99n\/#breadcrumb"},"inLanguage":"az","potentialAction":[{"@type":"ReadAction","target":["https:\/\/makinalar.az\/az\/shop\/%f0%9f%87%b9%f0%9f%87%b7tinaz%f0%9f%87%b9%f0%9f%87%b7-ot-bic%c9%99n\/"]}]},{"@type":"ImageObject","inLanguage":"az","@id":"https:\/\/makinalar.az\/az\/shop\/%f0%9f%87%b9%f0%9f%87%b7tinaz%f0%9f%87%b9%f0%9f%87%b7-ot-bic%c9%99n\/#primaryimage","url":"https:\/\/makinalar.az\/wp-content\/uploads\/2024\/02\/PHOTO-2024-02-22-01-08-46.jpg","contentUrl":"https:\/\/makinalar.az\/wp-content\/uploads\/2024\/02\/PHOTO-2024-02-22-01-08-46.jpg","width":1024,"height":1365},{"@type":"BreadcrumbList","@id":"https:\/\/makinalar.az\/az\/shop\/%f0%9f%87%b9%f0%9f%87%b7tinaz%f0%9f%87%b9%f0%9f%87%b7-ot-bic%c9%99n\/#breadcrumb","itemListElement":[{"@type":"ListItem","position":1,"name":"Home","item":"https:\/\/makinalar.az\/"},{"@type":"ListItem","position":2,"name":"M\u0259hsullar\u0131m\u0131z","item":"https:\/\/makinalar.az\/"},{"@type":"ListItem","position":3,"name":"\ud83c\uddf9\ud83c\uddf7Tinaz\ud83c\uddf9\ud83c\uddf7 ot bi\u00e7\u0259n"}]},{"@type":"WebSite","@id":"https:\/\/makinalar.az\/az\/#website","url":"https:\/\/makinalar.az\/az\/","name":"MAKINALAR AZ","description":"Ist\u0259nil\u0259n makinalar\u0131n v\u0259 avadanl\u0131qlar\u0131n sifari\u015f q\u0259bulu","potentialAction":[{"@type":"SearchAction","target":{"@type":"EntryPoint","urlTemplate":"https:\/\/makinalar.az\/az\/?s={search_term_string}"},"query-input":{"@type":"PropertyValueSpecification","valueRequired":true,"valueName":"search_term_string"}}],"inLanguage":"az"}]}},"_links":{"self":[{"href":"https:\/\/makinalar.az\/az\/wp-json\/wp\/v2\/product\/2801","targetHints":{"allow":["GET"]}}],"collection":[{"href":"https:\/\/makinalar.az\/az\/wp-json\/wp\/v2\/product"}],"about":[{"href":"https:\/\/makinalar.az\/az\/wp-json\/wp\/v2\/types\/product"}],"wp:featuredmedia":[{"embeddable":true,"href":"https:\/\/makinalar.az\/az\/wp-json\/wp\/v2\/media\/2802"}],"wp:attachment":[{"href":"https:\/\/makinalar.az\/az\/wp-json\/wp\/v2\/media?parent=2801"}],"wp:term":[{"taxonomy":"product_brand","embeddable":true,"href":"https:\/\/makinalar.az\/az\/wp-json\/wp\/v2\/product_brand?post=2801"},{"taxonomy":"product_cat","embeddable":true,"href":"https:\/\/makinalar.az\/az\/wp-json\/wp\/v2\/product_cat?post=2801"},{"taxonomy":"product_tag","embeddable":true,"href":"https:\/\/makinalar.az\/az\/wp-json\/wp\/v2\/product_tag?post=2801"}],"curies":[{"name":"wp","href":"https:\/\/api.w.org\/{rel}","templated":true}]}}