{"id":2793,"date":"2024-02-21T21:00:51","date_gmt":"2024-02-21T21:00:51","guid":{"rendered":"https:\/\/makinalar.az\/?post_type=product&#038;p=2793"},"modified":"2024-02-26T20:19:49","modified_gmt":"2024-02-26T20:19:49","slug":"dayang250-kub","status":"publish","type":"product","link":"https:\/\/makinalar.az\/az\/shop\/dayang250-kub\/","title":{"rendered":"&quot;Dayang&quot; 250 kub"},"content":{"rendered":"<p>Kitay istehsal\u0131 n\u00f6mr\u0259 1 \u201cDayang\u201dbrendinin muraveyi.<br \/>\nM\u00fch\u0259rrik-250 kub<br \/>\nSoyutma sistemi<br \/>\nYanacaq-benzin<br \/>\nHidravlik qald\u0131r\u0131c\u0131<br \/>\nRazdatka<br \/>\nKardan<br \/>\nY\u00fck qald\u0131rma-1,5-2 ton<\/p>\n<p>Kuza-uzun 1.80 metr eni 1.4 metr<\/p>","protected":false},"excerpt":{"rendered":"<p>Kitay istehsal\u0131 n\u00f6mr\u0259 1 \u201cDayang\u201dbrendinin muraveyi.<br \/>\nM\u00fch\u0259rrik-250 kub<br \/>\nSoyutma sistemi<br \/>\nYanacaq-benzin<br \/>\nHidravlik qald\u0131r\u0131c\u0131<br \/>\nRazdatka<br \/>\nKardan<br \/>\nY\u00fck qald\u0131rma-1,5-2 ton<\/p>\n<p>Kuza-uzun 1.80 metr eni 1.4 metr<\/p>","protected":false},"featured_media":2794,"template":"","meta":{"_joinchat":[]},"product_brand":[],"product_cat":[23,121],"product_tag":[],"class_list":{"0":"post-2793","1":"product","2":"type-product","3":"status-publish","4":"has-post-thumbnail","6":"product_cat-all-products","7":"product_cat-muraveylr-motosikletlr","9":"first","10":"instock","11":"shipping-taxable","12":"purchasable","13":"product-type-simple"},"yoast_head":"<!-- This site is optimized with the Yoast SEO plugin v26.6 - https:\/\/yoast.com\/wordpress\/plugins\/seo\/ -->\n<title>&quot;Dayang&quot;250 kub - Makinalar.az<\/title>\n<meta name=\"robots\" content=\"index, follow, max-snippet:-1, max-image-preview:large, max-video-preview:-1\" \/>\n<link rel=\"canonical\" href=\"https:\/\/makinalar.az\/az\/shop\/dayang250-kub\/\" \/>\n<meta property=\"og:locale\" content=\"az_AZ\" \/>\n<meta property=\"og:type\" content=\"article\" \/>\n<meta property=\"og:title\" content=\"&quot;Dayang&quot;250 kub - Makinalar.az\" \/>\n<meta property=\"og:description\" content=\"Kitay istehsal\u0131 n\u00f6mr\u0259 1 &quot;Dayang&quot;brendinin muraveyi. M\u00fch\u0259rrik-250 kub Soyutma sistemi Yanacaq-benzin Hidravlik qald\u0131r\u0131c\u0131 Razdatka Kardan Y\u00fck qald\u0131rma-1.5-2 ton  Kuza-uzun 1.80 metr eni 1.4 metr\" \/>\n<meta property=\"og:url\" content=\"https:\/\/makinalar.az\/az\/shop\/dayang250-kub\/\" \/>\n<meta property=\"og:site_name\" content=\"Makinalar.az\" \/>\n<meta property=\"article:modified_time\" content=\"2024-02-26T20:19:49+00:00\" \/>\n<meta property=\"og:image\" content=\"https:\/\/makinalar.az\/wp-content\/uploads\/2024\/02\/PHOTO-2024-02-22-00-59-30.jpg\" \/>\n\t<meta property=\"og:image:width\" content=\"1080\" \/>\n\t<meta property=\"og:image:height\" content=\"592\" \/>\n\t<meta property=\"og:image:type\" content=\"image\/jpeg\" \/>\n<meta name=\"twitter:card\" content=\"summary_large_image\" \/>\n<script type=\"application\/ld+json\" class=\"yoast-schema-graph\">{\"@context\":\"https:\/\/schema.org\",\"@graph\":[{\"@type\":\"WebPage\",\"@id\":\"https:\/\/makinalar.az\/az\/shop\/dayang250-kub\/\",\"url\":\"https:\/\/makinalar.az\/az\/shop\/dayang250-kub\/\",\"name\":\"\\\"Dayang\\\"250 kub - Makinalar.az\",\"isPartOf\":{\"@id\":\"https:\/\/makinalar.az\/az\/#website\"},\"primaryImageOfPage\":{\"@id\":\"https:\/\/makinalar.az\/az\/shop\/dayang250-kub\/#primaryimage\"},\"image\":{\"@id\":\"https:\/\/makinalar.az\/az\/shop\/dayang250-kub\/#primaryimage\"},\"thumbnailUrl\":\"https:\/\/makinalar.az\/wp-content\/uploads\/2024\/02\/PHOTO-2024-02-22-00-59-30.jpg\",\"datePublished\":\"2024-02-21T21:00:51+00:00\",\"dateModified\":\"2024-02-26T20:19:49+00:00\",\"breadcrumb\":{\"@id\":\"https:\/\/makinalar.az\/az\/shop\/dayang250-kub\/#breadcrumb\"},\"inLanguage\":\"az\",\"potentialAction\":[{\"@type\":\"ReadAction\",\"target\":[\"https:\/\/makinalar.az\/az\/shop\/dayang250-kub\/\"]}]},{\"@type\":\"ImageObject\",\"inLanguage\":\"az\",\"@id\":\"https:\/\/makinalar.az\/az\/shop\/dayang250-kub\/#primaryimage\",\"url\":\"https:\/\/makinalar.az\/wp-content\/uploads\/2024\/02\/PHOTO-2024-02-22-00-59-30.jpg\",\"contentUrl\":\"https:\/\/makinalar.az\/wp-content\/uploads\/2024\/02\/PHOTO-2024-02-22-00-59-30.jpg\",\"width\":1080,\"height\":592},{\"@type\":\"BreadcrumbList\",\"@id\":\"https:\/\/makinalar.az\/az\/shop\/dayang250-kub\/#breadcrumb\",\"itemListElement\":[{\"@type\":\"ListItem\",\"position\":1,\"name\":\"Home\",\"item\":\"https:\/\/makinalar.az\/\"},{\"@type\":\"ListItem\",\"position\":2,\"name\":\"M\u0259hsullar\u0131m\u0131z\",\"item\":\"https:\/\/makinalar.az\/\"},{\"@type\":\"ListItem\",\"position\":3,\"name\":\"&#8220;Dayang&#8221;250 kub\"}]},{\"@type\":\"WebSite\",\"@id\":\"https:\/\/makinalar.az\/az\/#website\",\"url\":\"https:\/\/makinalar.az\/az\/\",\"name\":\"MAKINALAR AZ\",\"description\":\"Ist\u0259nil\u0259n makinalar\u0131n v\u0259 avadanl\u0131qlar\u0131n sifari\u015f q\u0259bulu\",\"potentialAction\":[{\"@type\":\"SearchAction\",\"target\":{\"@type\":\"EntryPoint\",\"urlTemplate\":\"https:\/\/makinalar.az\/az\/?s={search_term_string}\"},\"query-input\":{\"@type\":\"PropertyValueSpecification\",\"valueRequired\":true,\"valueName\":\"search_term_string\"}}],\"inLanguage\":\"az\"}]}<\/script>\n<!-- \/ Yoast SEO plugin. -->","yoast_head_json":{"title":"\"Dayang\"250 kub - Makinalar.az","robots":{"index":"index","follow":"follow","max-snippet":"max-snippet:-1","max-image-preview":"max-image-preview:large","max-video-preview":"max-video-preview:-1"},"canonical":"https:\/\/makinalar.az\/az\/shop\/dayang250-kub\/","og_locale":"az_AZ","og_type":"article","og_title":"\"Dayang\"250 kub - Makinalar.az","og_description":"Kitay istehsal\u0131 n\u00f6mr\u0259 1 \"Dayang\"brendinin muraveyi. M\u00fch\u0259rrik-250 kub Soyutma sistemi Yanacaq-benzin Hidravlik qald\u0131r\u0131c\u0131 Razdatka Kardan Y\u00fck qald\u0131rma-1.5-2 ton  Kuza-uzun 1.80 metr eni 1.4 metr","og_url":"https:\/\/makinalar.az\/az\/shop\/dayang250-kub\/","og_site_name":"Makinalar.az","article_modified_time":"2024-02-26T20:19:49+00:00","og_image":[{"width":1080,"height":592,"url":"https:\/\/makinalar.az\/wp-content\/uploads\/2024\/02\/PHOTO-2024-02-22-00-59-30.jpg","type":"image\/jpeg"}],"twitter_card":"summary_large_image","schema":{"@context":"https:\/\/schema.org","@graph":[{"@type":"WebPage","@id":"https:\/\/makinalar.az\/az\/shop\/dayang250-kub\/","url":"https:\/\/makinalar.az\/az\/shop\/dayang250-kub\/","name":"\"Dayang\"250 kub - Makinalar.az","isPartOf":{"@id":"https:\/\/makinalar.az\/az\/#website"},"primaryImageOfPage":{"@id":"https:\/\/makinalar.az\/az\/shop\/dayang250-kub\/#primaryimage"},"image":{"@id":"https:\/\/makinalar.az\/az\/shop\/dayang250-kub\/#primaryimage"},"thumbnailUrl":"https:\/\/makinalar.az\/wp-content\/uploads\/2024\/02\/PHOTO-2024-02-22-00-59-30.jpg","datePublished":"2024-02-21T21:00:51+00:00","dateModified":"2024-02-26T20:19:49+00:00","breadcrumb":{"@id":"https:\/\/makinalar.az\/az\/shop\/dayang250-kub\/#breadcrumb"},"inLanguage":"az","potentialAction":[{"@type":"ReadAction","target":["https:\/\/makinalar.az\/az\/shop\/dayang250-kub\/"]}]},{"@type":"ImageObject","inLanguage":"az","@id":"https:\/\/makinalar.az\/az\/shop\/dayang250-kub\/#primaryimage","url":"https:\/\/makinalar.az\/wp-content\/uploads\/2024\/02\/PHOTO-2024-02-22-00-59-30.jpg","contentUrl":"https:\/\/makinalar.az\/wp-content\/uploads\/2024\/02\/PHOTO-2024-02-22-00-59-30.jpg","width":1080,"height":592},{"@type":"BreadcrumbList","@id":"https:\/\/makinalar.az\/az\/shop\/dayang250-kub\/#breadcrumb","itemListElement":[{"@type":"ListItem","position":1,"name":"Home","item":"https:\/\/makinalar.az\/"},{"@type":"ListItem","position":2,"name":"M\u0259hsullar\u0131m\u0131z","item":"https:\/\/makinalar.az\/"},{"@type":"ListItem","position":3,"name":"&#8220;Dayang&#8221;250 kub"}]},{"@type":"WebSite","@id":"https:\/\/makinalar.az\/az\/#website","url":"https:\/\/makinalar.az\/az\/","name":"MAKINALAR AZ","description":"Ist\u0259nil\u0259n makinalar\u0131n v\u0259 avadanl\u0131qlar\u0131n sifari\u015f q\u0259bulu","potentialAction":[{"@type":"SearchAction","target":{"@type":"EntryPoint","urlTemplate":"https:\/\/makinalar.az\/az\/?s={search_term_string}"},"query-input":{"@type":"PropertyValueSpecification","valueRequired":true,"valueName":"search_term_string"}}],"inLanguage":"az"}]}},"_links":{"self":[{"href":"https:\/\/makinalar.az\/az\/wp-json\/wp\/v2\/product\/2793","targetHints":{"allow":["GET"]}}],"collection":[{"href":"https:\/\/makinalar.az\/az\/wp-json\/wp\/v2\/product"}],"about":[{"href":"https:\/\/makinalar.az\/az\/wp-json\/wp\/v2\/types\/product"}],"wp:featuredmedia":[{"embeddable":true,"href":"https:\/\/makinalar.az\/az\/wp-json\/wp\/v2\/media\/2794"}],"wp:attachment":[{"href":"https:\/\/makinalar.az\/az\/wp-json\/wp\/v2\/media?parent=2793"}],"wp:term":[{"taxonomy":"product_brand","embeddable":true,"href":"https:\/\/makinalar.az\/az\/wp-json\/wp\/v2\/product_brand?post=2793"},{"taxonomy":"product_cat","embeddable":true,"href":"https:\/\/makinalar.az\/az\/wp-json\/wp\/v2\/product_cat?post=2793"},{"taxonomy":"product_tag","embeddable":true,"href":"https:\/\/makinalar.az\/az\/wp-json\/wp\/v2\/product_tag?post=2793"}],"curies":[{"name":"wp","href":"https:\/\/api.w.org\/{rel}","templated":true}]}}