{"id":2786,"date":"2024-02-21T20:52:18","date_gmt":"2024-02-21T20:52:18","guid":{"rendered":"https:\/\/makinalar.az\/?post_type=product&#038;p=2786"},"modified":"2024-02-26T20:19:49","modified_gmt":"2024-02-26T20:19:49","slug":"elektron-qapan-t%c9%99r%c9%99zi","status":"publish","type":"product","link":"https:\/\/makinalar.az\/az\/shop\/elektron-qapan-t%c9%99r%c9%99zi\/","title":{"rendered":"Elektron qapan t\u0259r\u0259zi"},"content":{"rendered":"<p>Kitay istehsal\u0131 Elektron qapan T\u0259r\u0259zi.<br \/>\nIst\u0259nil\u0259n \u00f6l\u00e7\u00fcd\u0259,ist\u0259nil\u0259n \u00e7\u0259kid\u0259 elektron t\u0259r\u0259zil\u0259rin sifari\u015f q\u0259bulu.<br \/>\nTikinti,S\u0259naye v\u0259 K\u0259nd T\u0259s\u0259rr\u00fcfat\u0131 sah\u0259sind\u0259 elektron z\u0259min yaratmaq.<br \/>\n1\u00d71 metr<br \/>\n1.5\u00d71.5 metr<br \/>\n2\u00d71 metr<\/p>","protected":false},"excerpt":{"rendered":"<p>Kitay istehsal\u0131 Elektron qapan T\u0259r\u0259zi.<br \/>\nIst\u0259nil\u0259n \u00f6l\u00e7\u00fcd\u0259,ist\u0259nil\u0259n \u00e7\u0259kid\u0259 elektron t\u0259r\u0259zil\u0259rin sifari\u015f q\u0259bulu.<br \/>\nTikinti,S\u0259naye v\u0259 K\u0259nd T\u0259s\u0259rr\u00fcfat\u0131 sah\u0259sind\u0259 elektron z\u0259min yaratmaq.<br \/>\n1\u00d71 metr<br \/>\n1.5\u00d71.5 metr<br \/>\n2\u00d71 metr<\/p>","protected":false},"featured_media":2787,"template":"","meta":{"_joinchat":[]},"product_brand":[],"product_cat":[23,120],"product_tag":[],"class_list":{"0":"post-2786","1":"product","2":"type-product","3":"status-publish","4":"has-post-thumbnail","6":"product_cat-all-products","7":"product_cat-elektron-qapan-trzier","9":"first","10":"instock","11":"shipping-taxable","12":"purchasable","13":"product-type-simple"},"yoast_head":"<!-- This site is optimized with the Yoast SEO plugin v26.6 - https:\/\/yoast.com\/wordpress\/plugins\/seo\/ -->\n<title>Elektron qapan t\u0259r\u0259zi - Makinalar.az<\/title>\n<meta name=\"robots\" content=\"index, follow, max-snippet:-1, max-image-preview:large, max-video-preview:-1\" \/>\n<link rel=\"canonical\" href=\"https:\/\/makinalar.az\/az\/shop\/elektron-qapan-t\u0259r\u0259zi\/\" \/>\n<meta property=\"og:locale\" content=\"az_AZ\" \/>\n<meta property=\"og:type\" content=\"article\" \/>\n<meta property=\"og:title\" content=\"Elektron qapan t\u0259r\u0259zi - Makinalar.az\" \/>\n<meta property=\"og:description\" content=\"Kitay istehsal\u0131 Elektron qapan T\u0259r\u0259zi. Ist\u0259nil\u0259n \u00f6l\u00e7\u00fcd\u0259,ist\u0259nil\u0259n \u00e7\u0259kid\u0259 elektron t\u0259r\u0259zil\u0259rin sifari\u015f q\u0259bulu. Tikinti,S\u0259naye v\u0259 K\u0259nd t\u0259s\u0259rr\u00fcfat\u0131 sah\u0259sind\u0259 istifad\u0259 etm\u0259k \u00fc\u00e7\u00fcn elektron t\u0259r\u0259zi. 1x1 metr 1.5x1.5 metr 2x1 metr\" \/>\n<meta property=\"og:url\" content=\"https:\/\/makinalar.az\/az\/shop\/elektron-qapan-t\u0259r\u0259zi\/\" \/>\n<meta property=\"og:site_name\" content=\"Makinalar.az\" \/>\n<meta property=\"article:modified_time\" content=\"2024-02-26T20:19:49+00:00\" \/>\n<meta property=\"og:image\" content=\"https:\/\/makinalar.az\/wp-content\/uploads\/2024\/02\/PHOTO-2024-02-22-00-49-05.jpg\" \/>\n\t<meta property=\"og:image:width\" content=\"989\" \/>\n\t<meta property=\"og:image:height\" content=\"1280\" \/>\n\t<meta property=\"og:image:type\" content=\"image\/jpeg\" \/>\n<meta name=\"twitter:card\" content=\"summary_large_image\" \/>\n<script type=\"application\/ld+json\" class=\"yoast-schema-graph\">{\"@context\":\"https:\/\/schema.org\",\"@graph\":[{\"@type\":\"WebPage\",\"@id\":\"https:\/\/makinalar.az\/az\/shop\/elektron-qapan-t%c9%99r%c9%99zi\/\",\"url\":\"https:\/\/makinalar.az\/az\/shop\/elektron-qapan-t%c9%99r%c9%99zi\/\",\"name\":\"Elektron qapan t\u0259r\u0259zi - Makinalar.az\",\"isPartOf\":{\"@id\":\"https:\/\/makinalar.az\/az\/#website\"},\"primaryImageOfPage\":{\"@id\":\"https:\/\/makinalar.az\/az\/shop\/elektron-qapan-t%c9%99r%c9%99zi\/#primaryimage\"},\"image\":{\"@id\":\"https:\/\/makinalar.az\/az\/shop\/elektron-qapan-t%c9%99r%c9%99zi\/#primaryimage\"},\"thumbnailUrl\":\"https:\/\/makinalar.az\/wp-content\/uploads\/2024\/02\/PHOTO-2024-02-22-00-49-05.jpg\",\"datePublished\":\"2024-02-21T20:52:18+00:00\",\"dateModified\":\"2024-02-26T20:19:49+00:00\",\"breadcrumb\":{\"@id\":\"https:\/\/makinalar.az\/az\/shop\/elektron-qapan-t%c9%99r%c9%99zi\/#breadcrumb\"},\"inLanguage\":\"az\",\"potentialAction\":[{\"@type\":\"ReadAction\",\"target\":[\"https:\/\/makinalar.az\/az\/shop\/elektron-qapan-t%c9%99r%c9%99zi\/\"]}]},{\"@type\":\"ImageObject\",\"inLanguage\":\"az\",\"@id\":\"https:\/\/makinalar.az\/az\/shop\/elektron-qapan-t%c9%99r%c9%99zi\/#primaryimage\",\"url\":\"https:\/\/makinalar.az\/wp-content\/uploads\/2024\/02\/PHOTO-2024-02-22-00-49-05.jpg\",\"contentUrl\":\"https:\/\/makinalar.az\/wp-content\/uploads\/2024\/02\/PHOTO-2024-02-22-00-49-05.jpg\",\"width\":989,\"height\":1280},{\"@type\":\"BreadcrumbList\",\"@id\":\"https:\/\/makinalar.az\/az\/shop\/elektron-qapan-t%c9%99r%c9%99zi\/#breadcrumb\",\"itemListElement\":[{\"@type\":\"ListItem\",\"position\":1,\"name\":\"Home\",\"item\":\"https:\/\/makinalar.az\/\"},{\"@type\":\"ListItem\",\"position\":2,\"name\":\"M\u0259hsullar\u0131m\u0131z\",\"item\":\"https:\/\/makinalar.az\/\"},{\"@type\":\"ListItem\",\"position\":3,\"name\":\"Elektron qapan t\u0259r\u0259zi\"}]},{\"@type\":\"WebSite\",\"@id\":\"https:\/\/makinalar.az\/az\/#website\",\"url\":\"https:\/\/makinalar.az\/az\/\",\"name\":\"MAKINALAR AZ\",\"description\":\"Ist\u0259nil\u0259n makinalar\u0131n v\u0259 avadanl\u0131qlar\u0131n sifari\u015f q\u0259bulu\",\"potentialAction\":[{\"@type\":\"SearchAction\",\"target\":{\"@type\":\"EntryPoint\",\"urlTemplate\":\"https:\/\/makinalar.az\/az\/?s={search_term_string}\"},\"query-input\":{\"@type\":\"PropertyValueSpecification\",\"valueRequired\":true,\"valueName\":\"search_term_string\"}}],\"inLanguage\":\"az\"}]}<\/script>\n<!-- \/ Yoast SEO plugin. -->","yoast_head_json":{"title":"Elektron qapan t\u0259r\u0259zi - Makinalar.az","robots":{"index":"index","follow":"follow","max-snippet":"max-snippet:-1","max-image-preview":"max-image-preview:large","max-video-preview":"max-video-preview:-1"},"canonical":"https:\/\/makinalar.az\/az\/shop\/elektron-qapan-t\u0259r\u0259zi\/","og_locale":"az_AZ","og_type":"article","og_title":"Elektron qapan t\u0259r\u0259zi - Makinalar.az","og_description":"Kitay istehsal\u0131 Elektron qapan T\u0259r\u0259zi. Ist\u0259nil\u0259n \u00f6l\u00e7\u00fcd\u0259,ist\u0259nil\u0259n \u00e7\u0259kid\u0259 elektron t\u0259r\u0259zil\u0259rin sifari\u015f q\u0259bulu. Tikinti,S\u0259naye v\u0259 K\u0259nd t\u0259s\u0259rr\u00fcfat\u0131 sah\u0259sind\u0259 istifad\u0259 etm\u0259k \u00fc\u00e7\u00fcn elektron t\u0259r\u0259zi. 1x1 metr 1.5x1.5 metr 2x1 metr","og_url":"https:\/\/makinalar.az\/az\/shop\/elektron-qapan-t\u0259r\u0259zi\/","og_site_name":"Makinalar.az","article_modified_time":"2024-02-26T20:19:49+00:00","og_image":[{"width":989,"height":1280,"url":"https:\/\/makinalar.az\/wp-content\/uploads\/2024\/02\/PHOTO-2024-02-22-00-49-05.jpg","type":"image\/jpeg"}],"twitter_card":"summary_large_image","schema":{"@context":"https:\/\/schema.org","@graph":[{"@type":"WebPage","@id":"https:\/\/makinalar.az\/az\/shop\/elektron-qapan-t%c9%99r%c9%99zi\/","url":"https:\/\/makinalar.az\/az\/shop\/elektron-qapan-t%c9%99r%c9%99zi\/","name":"Elektron qapan t\u0259r\u0259zi - Makinalar.az","isPartOf":{"@id":"https:\/\/makinalar.az\/az\/#website"},"primaryImageOfPage":{"@id":"https:\/\/makinalar.az\/az\/shop\/elektron-qapan-t%c9%99r%c9%99zi\/#primaryimage"},"image":{"@id":"https:\/\/makinalar.az\/az\/shop\/elektron-qapan-t%c9%99r%c9%99zi\/#primaryimage"},"thumbnailUrl":"https:\/\/makinalar.az\/wp-content\/uploads\/2024\/02\/PHOTO-2024-02-22-00-49-05.jpg","datePublished":"2024-02-21T20:52:18+00:00","dateModified":"2024-02-26T20:19:49+00:00","breadcrumb":{"@id":"https:\/\/makinalar.az\/az\/shop\/elektron-qapan-t%c9%99r%c9%99zi\/#breadcrumb"},"inLanguage":"az","potentialAction":[{"@type":"ReadAction","target":["https:\/\/makinalar.az\/az\/shop\/elektron-qapan-t%c9%99r%c9%99zi\/"]}]},{"@type":"ImageObject","inLanguage":"az","@id":"https:\/\/makinalar.az\/az\/shop\/elektron-qapan-t%c9%99r%c9%99zi\/#primaryimage","url":"https:\/\/makinalar.az\/wp-content\/uploads\/2024\/02\/PHOTO-2024-02-22-00-49-05.jpg","contentUrl":"https:\/\/makinalar.az\/wp-content\/uploads\/2024\/02\/PHOTO-2024-02-22-00-49-05.jpg","width":989,"height":1280},{"@type":"BreadcrumbList","@id":"https:\/\/makinalar.az\/az\/shop\/elektron-qapan-t%c9%99r%c9%99zi\/#breadcrumb","itemListElement":[{"@type":"ListItem","position":1,"name":"Home","item":"https:\/\/makinalar.az\/"},{"@type":"ListItem","position":2,"name":"M\u0259hsullar\u0131m\u0131z","item":"https:\/\/makinalar.az\/"},{"@type":"ListItem","position":3,"name":"Elektron qapan t\u0259r\u0259zi"}]},{"@type":"WebSite","@id":"https:\/\/makinalar.az\/az\/#website","url":"https:\/\/makinalar.az\/az\/","name":"MAKINALAR AZ","description":"Ist\u0259nil\u0259n makinalar\u0131n v\u0259 avadanl\u0131qlar\u0131n sifari\u015f q\u0259bulu","potentialAction":[{"@type":"SearchAction","target":{"@type":"EntryPoint","urlTemplate":"https:\/\/makinalar.az\/az\/?s={search_term_string}"},"query-input":{"@type":"PropertyValueSpecification","valueRequired":true,"valueName":"search_term_string"}}],"inLanguage":"az"}]}},"_links":{"self":[{"href":"https:\/\/makinalar.az\/az\/wp-json\/wp\/v2\/product\/2786","targetHints":{"allow":["GET"]}}],"collection":[{"href":"https:\/\/makinalar.az\/az\/wp-json\/wp\/v2\/product"}],"about":[{"href":"https:\/\/makinalar.az\/az\/wp-json\/wp\/v2\/types\/product"}],"wp:featuredmedia":[{"embeddable":true,"href":"https:\/\/makinalar.az\/az\/wp-json\/wp\/v2\/media\/2787"}],"wp:attachment":[{"href":"https:\/\/makinalar.az\/az\/wp-json\/wp\/v2\/media?parent=2786"}],"wp:term":[{"taxonomy":"product_brand","embeddable":true,"href":"https:\/\/makinalar.az\/az\/wp-json\/wp\/v2\/product_brand?post=2786"},{"taxonomy":"product_cat","embeddable":true,"href":"https:\/\/makinalar.az\/az\/wp-json\/wp\/v2\/product_cat?post=2786"},{"taxonomy":"product_tag","embeddable":true,"href":"https:\/\/makinalar.az\/az\/wp-json\/wp\/v2\/product_tag?post=2786"}],"curies":[{"name":"wp","href":"https:\/\/api.w.org\/{rel}","templated":true}]}}