{"id":2762,"date":"2024-02-21T20:30:05","date_gmt":"2024-02-21T20:30:05","guid":{"rendered":"https:\/\/makinalar.az\/?post_type=product&#038;p=2762"},"modified":"2026-03-12T12:04:22","modified_gmt":"2026-03-12T12:04:22","slug":"%f0%9f%87%b9%f0%9f%87%b7unkan%f0%9f%87%b9%f0%9f%87%b7-makina-yag-c%c9%99k%c9%99n-soyuq-sixim-makinasi","status":"publish","type":"product","link":"https:\/\/makinalar.az\/az\/shop\/%f0%9f%87%b9%f0%9f%87%b7unkan%f0%9f%87%b9%f0%9f%87%b7-makina-yag-c%c9%99k%c9%99n-soyuq-sixim-makinasi\/","title":{"rendered":"\ud83c\uddf9\ud83c\uddf7Unkan\ud83c\uddf9\ud83c\uddf7 soyuq s\u0131x\u0131m ya\u011f ver\u0259n makinas\u0131"},"content":{"rendered":"<p>(Tam avtomat).<br \/>\nPaslamaz material\u0131(Nerjaveyka) d\u0259mir.<br \/>\n\u00c7ox funksiyal\u0131 aparat vasitesi il\u0259 kokos, s\u00fcs\u0259m, soya, macadamia f\u0131nd\u0131\u011f\u0131, qoz, g\u00fcn\u0259baxan toxumu, t\u0259r\u0259v\u0259z toxumu, k\u0259tan ya\u011f\u0131, qara cir\u0259, k\u00fcnc\u00fcd, zeytun(zeytunun \u00e7\u0259yird\u0259yi s\u00f6k\u00fcl\u0259nd\u0259n sonar) v\u0259 s.bitgi ya\u011flar\u0131n\u0131 istehsal etm\u0259k \u00fc\u00e7\u00fcnd\u00fcr.Motor S\u0259naye tipli motor oldu\u011fu \u00fc\u00e7\u00fcn 5 saatdan artiq i\u015fl\u0259y\u0259 bilir. T\u00f6vsiyy\u0259 edirik h\u0259r 5 saatdan bir 1 saat interval verin.<br \/>\nAil\u0259nizi tam t\u0259bii \u015f\u0259kild\u0259 istifad\u0259 olunan ya\u011flarla daha ya\u015famas\u0131na \u015f\u0259rait yarad\u0131n.<br \/>\nS\u00fctkada 150 kq Model:1500<br \/>\nS\u00fctkada 220 kq Model:2000<br \/>\nS\u00fctkada 400 kq Model:4000<br \/>\nS\u00fctkada 700 kq Model : 6000<\/p>","protected":false},"excerpt":{"rendered":"<p>(Tam avtomat).<br \/>\nPaslamaz material\u0131(Nerjaveyka) d\u0259mir.<br \/>\n\u00c7ox funksiyal\u0131 aparat vasitesi il\u0259 kokos, s\u00fcs\u0259m, soya, macadamia f\u0131nd\u0131\u011f\u0131, qoz, g\u00fcn\u0259baxan toxumu, t\u0259r\u0259v\u0259z toxumu, k\u0259tan ya\u011f\u0131, qara cir\u0259, k\u00fcnc\u00fcd, zeytun(zeytunun \u00e7\u0259yird\u0259yi s\u00f6k\u00fcl\u0259nd\u0259n sonar) v\u0259 s.bitgi ya\u011flar\u0131n\u0131 istehsal etm\u0259k \u00fc\u00e7\u00fcnd\u00fcr.Motor S\u0259naye tipli motor oldu\u011fu \u00fc\u00e7\u00fcn 5 saatdan artiq i\u015fl\u0259y\u0259 bilir. T\u00f6vsiyy\u0259 edirik h\u0259r 5 saatdan bir 1 saat interval verin.<br \/>\nAil\u0259nizi tam t\u0259bii \u015f\u0259kild\u0259 istifad\u0259 olunan ya\u011flarla daha ya\u015famas\u0131na \u015f\u0259rait yarad\u0131n.<br \/>\nS\u00fctkada 150 kq Model:1500<br \/>\nS\u00fctkada 220 kq Model:2000<br \/>\nS\u00fctkada 400 kq Model:4000<br \/>\nS\u00fctkada 700 kq Model : 6000<\/p>","protected":false},"featured_media":2937,"template":"","meta":{"_joinchat":[]},"product_brand":[],"product_cat":[23,116],"product_tag":[],"class_list":{"0":"post-2762","1":"product","2":"type-product","3":"status-publish","4":"has-post-thumbnail","6":"product_cat-all-products","7":"product_cat-yag-soyuq-sixim-makinalar","9":"first","10":"instock","11":"shipping-taxable","12":"purchasable","13":"product-type-simple"},"yoast_head":"<!-- This site is optimized with the Yoast SEO plugin v26.6 - https:\/\/yoast.com\/wordpress\/plugins\/seo\/ -->\n<title>\ud83c\uddf9\ud83c\uddf7Unkan\ud83c\uddf9\ud83c\uddf7 soyuq s\u0131x\u0131m ya\u011f \u00e7\u0259k\u0259n makinas\u0131 - Makinalar.az<\/title>\n<meta name=\"robots\" content=\"index, follow, max-snippet:-1, max-image-preview:large, max-video-preview:-1\" \/>\n<link rel=\"canonical\" href=\"https:\/\/makinalar.az\/az\/shop\/\ud83c\uddf9\ud83c\uddf7unkan\ud83c\uddf9\ud83c\uddf7-makina-yag-c\u0259k\u0259n-soyuq-sixim-makinasi\/\" \/>\n<meta property=\"og:locale\" content=\"az_AZ\" \/>\n<meta property=\"og:type\" content=\"article\" \/>\n<meta property=\"og:title\" content=\"\ud83c\uddf9\ud83c\uddf7Unkan\ud83c\uddf9\ud83c\uddf7 soyuq s\u0131x\u0131m ya\u011f \u00e7\u0259k\u0259n makinas\u0131 - Makinalar.az\" \/>\n<meta property=\"og:description\" content=\"(Tam avtomat). Paslamaz material(Nerjaveyka) d\u0259mir. \u00c7ox funksiyali apparat vasitesi il\u0259 kokos, s\u00fcs\u0259m, soya, macadamia f\u0131nd\u0131\u011f\u0131, qoz, g\u00fcn\u0259baxan toxumu, t\u0259r\u0259v\u0259z toxumu, k\u0259tan ya\u011f\u0131, qara cir\u0259, k\u00fcnc\u00fcd, zeytun(zeytunun \u00e7\u0259yird\u0259yi \u00e7\u0131xar\u0131landan sonar) v\u0259 s.bitgil\u0259rin ya\u011flar\u0131n\u0131 istehsal etm\u0259k \u00fc\u00e7\u00fcnd\u00fcr.Motor S\u0259naye tipli motor oldu\u011fu \u00fc\u00e7\u00fcn 5 saatdan artiq i\u015fl\u0259y\u0259 bilir. T\u00f6vsiyy\u0259 edirik h\u0259r 5 saatdan bir 1 saat interval verin. Ail\u0259nizi tam t\u0259bii ev \u015f\u0259raitind\u0259 \u00e7\u0259kil\u0259n ya\u011flarla daha sa\u011flam ya\u015famas\u0131na \u015f\u0259rait yarad\u0131n. Sutkada 150 kg Model:1500 Sutkada 220 kg Model:2000 Sutkada 400 kg Model:4000 Sutkada 700 kg Model : 6000\" \/>\n<meta property=\"og:url\" content=\"https:\/\/makinalar.az\/az\/shop\/\ud83c\uddf9\ud83c\uddf7unkan\ud83c\uddf9\ud83c\uddf7-makina-yag-c\u0259k\u0259n-soyuq-sixim-makinasi\/\" \/>\n<meta property=\"og:site_name\" content=\"Makinalar.az\" \/>\n<meta property=\"article:modified_time\" content=\"2026-03-12T12:04:22+00:00\" \/>\n<meta property=\"og:image\" content=\"http:\/\/makinalar.az\/wp-content\/uploads\/2024\/02\/PHOTO-2026-03-10-09-58-17.jpg\" \/>\n\t<meta property=\"og:image:width\" content=\"1024\" \/>\n\t<meta property=\"og:image:height\" content=\"1536\" \/>\n\t<meta property=\"og:image:type\" content=\"image\/jpeg\" \/>\n<meta name=\"twitter:card\" content=\"summary_large_image\" \/>\n<meta name=\"twitter:label1\" content=\"Est. reading time\" \/>\n\t<meta name=\"twitter:data1\" content=\"1 minute\" \/>\n<script type=\"application\/ld+json\" class=\"yoast-schema-graph\">{\"@context\":\"https:\/\/schema.org\",\"@graph\":[{\"@type\":\"WebPage\",\"@id\":\"https:\/\/makinalar.az\/shop\/%f0%9f%87%b9%f0%9f%87%b7unkan%f0%9f%87%b9%f0%9f%87%b7-makina-yag-c%c9%99k%c9%99n-soyuq-sixim-makinasi\/\",\"url\":\"https:\/\/makinalar.az\/shop\/%f0%9f%87%b9%f0%9f%87%b7unkan%f0%9f%87%b9%f0%9f%87%b7-makina-yag-c%c9%99k%c9%99n-soyuq-sixim-makinasi\/\",\"name\":\"\ud83c\uddf9\ud83c\uddf7Unkan\ud83c\uddf9\ud83c\uddf7 soyuq s\u0131x\u0131m ya\u011f \u00e7\u0259k\u0259n makinas\u0131 - Makinalar.az\",\"isPartOf\":{\"@id\":\"https:\/\/makinalar.az\/az\/#website\"},\"primaryImageOfPage\":{\"@id\":\"https:\/\/makinalar.az\/shop\/%f0%9f%87%b9%f0%9f%87%b7unkan%f0%9f%87%b9%f0%9f%87%b7-makina-yag-c%c9%99k%c9%99n-soyuq-sixim-makinasi\/#primaryimage\"},\"image\":{\"@id\":\"https:\/\/makinalar.az\/shop\/%f0%9f%87%b9%f0%9f%87%b7unkan%f0%9f%87%b9%f0%9f%87%b7-makina-yag-c%c9%99k%c9%99n-soyuq-sixim-makinasi\/#primaryimage\"},\"thumbnailUrl\":\"https:\/\/makinalar.az\/wp-content\/uploads\/2024\/02\/PHOTO-2026-03-10-09-58-17.jpg\",\"datePublished\":\"2024-02-21T20:30:05+00:00\",\"dateModified\":\"2026-03-12T12:04:22+00:00\",\"breadcrumb\":{\"@id\":\"https:\/\/makinalar.az\/shop\/%f0%9f%87%b9%f0%9f%87%b7unkan%f0%9f%87%b9%f0%9f%87%b7-makina-yag-c%c9%99k%c9%99n-soyuq-sixim-makinasi\/#breadcrumb\"},\"inLanguage\":\"az\",\"potentialAction\":[{\"@type\":\"ReadAction\",\"target\":[\"https:\/\/makinalar.az\/shop\/%f0%9f%87%b9%f0%9f%87%b7unkan%f0%9f%87%b9%f0%9f%87%b7-makina-yag-c%c9%99k%c9%99n-soyuq-sixim-makinasi\/\"]}]},{\"@type\":\"ImageObject\",\"inLanguage\":\"az\",\"@id\":\"https:\/\/makinalar.az\/shop\/%f0%9f%87%b9%f0%9f%87%b7unkan%f0%9f%87%b9%f0%9f%87%b7-makina-yag-c%c9%99k%c9%99n-soyuq-sixim-makinasi\/#primaryimage\",\"url\":\"https:\/\/makinalar.az\/wp-content\/uploads\/2024\/02\/PHOTO-2026-03-10-09-58-17.jpg\",\"contentUrl\":\"https:\/\/makinalar.az\/wp-content\/uploads\/2024\/02\/PHOTO-2026-03-10-09-58-17.jpg\",\"width\":1024,\"height\":1536},{\"@type\":\"BreadcrumbList\",\"@id\":\"https:\/\/makinalar.az\/shop\/%f0%9f%87%b9%f0%9f%87%b7unkan%f0%9f%87%b9%f0%9f%87%b7-makina-yag-c%c9%99k%c9%99n-soyuq-sixim-makinasi\/#breadcrumb\",\"itemListElement\":[{\"@type\":\"ListItem\",\"position\":1,\"name\":\"Home\",\"item\":\"https:\/\/makinalar.az\/\"},{\"@type\":\"ListItem\",\"position\":2,\"name\":\"M\u0259hsullar\u0131m\u0131z\",\"item\":\"https:\/\/makinalar.az\/\"},{\"@type\":\"ListItem\",\"position\":3,\"name\":\"\ud83c\uddf9\ud83c\uddf7Unkan\ud83c\uddf9\ud83c\uddf7 soyuq s\u0131x\u0131m ya\u011f \u00e7\u0259k\u0259n makinas\u0131\"}]},{\"@type\":\"WebSite\",\"@id\":\"https:\/\/makinalar.az\/az\/#website\",\"url\":\"https:\/\/makinalar.az\/az\/\",\"name\":\"MAKINALAR AZ\",\"description\":\"Ist\u0259nil\u0259n makinalar\u0131n v\u0259 avadanl\u0131qlar\u0131n sifari\u015f q\u0259bulu\",\"potentialAction\":[{\"@type\":\"SearchAction\",\"target\":{\"@type\":\"EntryPoint\",\"urlTemplate\":\"https:\/\/makinalar.az\/az\/?s={search_term_string}\"},\"query-input\":{\"@type\":\"PropertyValueSpecification\",\"valueRequired\":true,\"valueName\":\"search_term_string\"}}],\"inLanguage\":\"az\"}]}<\/script>\n<!-- \/ Yoast SEO plugin. -->","yoast_head_json":{"title":"\ud83c\uddf9\ud83c\uddf7Unkan\ud83c\uddf9\ud83c\uddf7 soyuq s\u0131x\u0131m ya\u011f \u00e7\u0259k\u0259n makinas\u0131 - Makinalar.az","robots":{"index":"index","follow":"follow","max-snippet":"max-snippet:-1","max-image-preview":"max-image-preview:large","max-video-preview":"max-video-preview:-1"},"canonical":"https:\/\/makinalar.az\/az\/shop\/\ud83c\uddf9\ud83c\uddf7unkan\ud83c\uddf9\ud83c\uddf7-makina-yag-c\u0259k\u0259n-soyuq-sixim-makinasi\/","og_locale":"az_AZ","og_type":"article","og_title":"\ud83c\uddf9\ud83c\uddf7Unkan\ud83c\uddf9\ud83c\uddf7 soyuq s\u0131x\u0131m ya\u011f \u00e7\u0259k\u0259n makinas\u0131 - Makinalar.az","og_description":"(Tam avtomat). Paslamaz material(Nerjaveyka) d\u0259mir. \u00c7ox funksiyali apparat vasitesi il\u0259 kokos, s\u00fcs\u0259m, soya, macadamia f\u0131nd\u0131\u011f\u0131, qoz, g\u00fcn\u0259baxan toxumu, t\u0259r\u0259v\u0259z toxumu, k\u0259tan ya\u011f\u0131, qara cir\u0259, k\u00fcnc\u00fcd, zeytun(zeytunun \u00e7\u0259yird\u0259yi \u00e7\u0131xar\u0131landan sonar) v\u0259 s.bitgil\u0259rin ya\u011flar\u0131n\u0131 istehsal etm\u0259k \u00fc\u00e7\u00fcnd\u00fcr.Motor S\u0259naye tipli motor oldu\u011fu \u00fc\u00e7\u00fcn 5 saatdan artiq i\u015fl\u0259y\u0259 bilir. T\u00f6vsiyy\u0259 edirik h\u0259r 5 saatdan bir 1 saat interval verin. Ail\u0259nizi tam t\u0259bii ev \u015f\u0259raitind\u0259 \u00e7\u0259kil\u0259n ya\u011flarla daha sa\u011flam ya\u015famas\u0131na \u015f\u0259rait yarad\u0131n. Sutkada 150 kg Model:1500 Sutkada 220 kg Model:2000 Sutkada 400 kg Model:4000 Sutkada 700 kg Model : 6000","og_url":"https:\/\/makinalar.az\/az\/shop\/\ud83c\uddf9\ud83c\uddf7unkan\ud83c\uddf9\ud83c\uddf7-makina-yag-c\u0259k\u0259n-soyuq-sixim-makinasi\/","og_site_name":"Makinalar.az","article_modified_time":"2026-03-12T12:04:22+00:00","og_image":[{"width":1024,"height":1536,"url":"http:\/\/makinalar.az\/wp-content\/uploads\/2024\/02\/PHOTO-2026-03-10-09-58-17.jpg","type":"image\/jpeg"}],"twitter_card":"summary_large_image","twitter_misc":{"Est. reading time":"1 minute"},"schema":{"@context":"https:\/\/schema.org","@graph":[{"@type":"WebPage","@id":"https:\/\/makinalar.az\/shop\/%f0%9f%87%b9%f0%9f%87%b7unkan%f0%9f%87%b9%f0%9f%87%b7-makina-yag-c%c9%99k%c9%99n-soyuq-sixim-makinasi\/","url":"https:\/\/makinalar.az\/shop\/%f0%9f%87%b9%f0%9f%87%b7unkan%f0%9f%87%b9%f0%9f%87%b7-makina-yag-c%c9%99k%c9%99n-soyuq-sixim-makinasi\/","name":"\ud83c\uddf9\ud83c\uddf7Unkan\ud83c\uddf9\ud83c\uddf7 soyuq s\u0131x\u0131m ya\u011f \u00e7\u0259k\u0259n makinas\u0131 - Makinalar.az","isPartOf":{"@id":"https:\/\/makinalar.az\/az\/#website"},"primaryImageOfPage":{"@id":"https:\/\/makinalar.az\/shop\/%f0%9f%87%b9%f0%9f%87%b7unkan%f0%9f%87%b9%f0%9f%87%b7-makina-yag-c%c9%99k%c9%99n-soyuq-sixim-makinasi\/#primaryimage"},"image":{"@id":"https:\/\/makinalar.az\/shop\/%f0%9f%87%b9%f0%9f%87%b7unkan%f0%9f%87%b9%f0%9f%87%b7-makina-yag-c%c9%99k%c9%99n-soyuq-sixim-makinasi\/#primaryimage"},"thumbnailUrl":"https:\/\/makinalar.az\/wp-content\/uploads\/2024\/02\/PHOTO-2026-03-10-09-58-17.jpg","datePublished":"2024-02-21T20:30:05+00:00","dateModified":"2026-03-12T12:04:22+00:00","breadcrumb":{"@id":"https:\/\/makinalar.az\/shop\/%f0%9f%87%b9%f0%9f%87%b7unkan%f0%9f%87%b9%f0%9f%87%b7-makina-yag-c%c9%99k%c9%99n-soyuq-sixim-makinasi\/#breadcrumb"},"inLanguage":"az","potentialAction":[{"@type":"ReadAction","target":["https:\/\/makinalar.az\/shop\/%f0%9f%87%b9%f0%9f%87%b7unkan%f0%9f%87%b9%f0%9f%87%b7-makina-yag-c%c9%99k%c9%99n-soyuq-sixim-makinasi\/"]}]},{"@type":"ImageObject","inLanguage":"az","@id":"https:\/\/makinalar.az\/shop\/%f0%9f%87%b9%f0%9f%87%b7unkan%f0%9f%87%b9%f0%9f%87%b7-makina-yag-c%c9%99k%c9%99n-soyuq-sixim-makinasi\/#primaryimage","url":"https:\/\/makinalar.az\/wp-content\/uploads\/2024\/02\/PHOTO-2026-03-10-09-58-17.jpg","contentUrl":"https:\/\/makinalar.az\/wp-content\/uploads\/2024\/02\/PHOTO-2026-03-10-09-58-17.jpg","width":1024,"height":1536},{"@type":"BreadcrumbList","@id":"https:\/\/makinalar.az\/shop\/%f0%9f%87%b9%f0%9f%87%b7unkan%f0%9f%87%b9%f0%9f%87%b7-makina-yag-c%c9%99k%c9%99n-soyuq-sixim-makinasi\/#breadcrumb","itemListElement":[{"@type":"ListItem","position":1,"name":"Home","item":"https:\/\/makinalar.az\/"},{"@type":"ListItem","position":2,"name":"M\u0259hsullar\u0131m\u0131z","item":"https:\/\/makinalar.az\/"},{"@type":"ListItem","position":3,"name":"\ud83c\uddf9\ud83c\uddf7Unkan\ud83c\uddf9\ud83c\uddf7 soyuq s\u0131x\u0131m ya\u011f \u00e7\u0259k\u0259n makinas\u0131"}]},{"@type":"WebSite","@id":"https:\/\/makinalar.az\/az\/#website","url":"https:\/\/makinalar.az\/az\/","name":"MAKINALAR AZ","description":"Ist\u0259nil\u0259n makinalar\u0131n v\u0259 avadanl\u0131qlar\u0131n sifari\u015f q\u0259bulu","potentialAction":[{"@type":"SearchAction","target":{"@type":"EntryPoint","urlTemplate":"https:\/\/makinalar.az\/az\/?s={search_term_string}"},"query-input":{"@type":"PropertyValueSpecification","valueRequired":true,"valueName":"search_term_string"}}],"inLanguage":"az"}]}},"_links":{"self":[{"href":"https:\/\/makinalar.az\/az\/wp-json\/wp\/v2\/product\/2762","targetHints":{"allow":["GET"]}}],"collection":[{"href":"https:\/\/makinalar.az\/az\/wp-json\/wp\/v2\/product"}],"about":[{"href":"https:\/\/makinalar.az\/az\/wp-json\/wp\/v2\/types\/product"}],"wp:featuredmedia":[{"embeddable":true,"href":"https:\/\/makinalar.az\/az\/wp-json\/wp\/v2\/media\/2937"}],"wp:attachment":[{"href":"https:\/\/makinalar.az\/az\/wp-json\/wp\/v2\/media?parent=2762"}],"wp:term":[{"taxonomy":"product_brand","embeddable":true,"href":"https:\/\/makinalar.az\/az\/wp-json\/wp\/v2\/product_brand?post=2762"},{"taxonomy":"product_cat","embeddable":true,"href":"https:\/\/makinalar.az\/az\/wp-json\/wp\/v2\/product_cat?post=2762"},{"taxonomy":"product_tag","embeddable":true,"href":"https:\/\/makinalar.az\/az\/wp-json\/wp\/v2\/product_tag?post=2762"}],"curies":[{"name":"wp","href":"https:\/\/api.w.org\/{rel}","templated":true}]}}