{"id":2745,"date":"2024-02-21T20:13:41","date_gmt":"2024-02-21T20:13:41","guid":{"rendered":"https:\/\/makinalar.az\/?post_type=product&#038;p=2745"},"modified":"2024-02-26T20:19:49","modified_gmt":"2024-02-26T20:19:49","slug":"toyuq-tuku-t%c9%99mizl%c9%99yen-makina","status":"publish","type":"product","link":"https:\/\/makinalar.az\/az\/shop\/toyuq-tuku-t%c9%99mizl%c9%99yen-makina\/","title":{"rendered":"Toyuq t\u00fck\u00fc t\u0259mizl\u0259m\u0259 makinas\u0131"},"content":{"rendered":"<p>Kitay zavod istehsal\u0131 olan paslanmaz materialdan toyuq t\u00fck\u00fc t\u0259mizl\u0259y\u0259n makinalar.<br \/>\n1\/3 toyuqlu<br \/>\n3\/5 toyuqlu<br \/>\n5\/8 toyuqlu<br \/>\n8\/10 toyuqlu<br \/>\n11\/15 toyuqlu<br \/>\n15\/20 toyuqlu<\/p>","protected":false},"excerpt":{"rendered":"<p>Kitay zavod istehsal\u0131 olan paslanmaz materialdan toyuq t\u00fck\u00fc t\u0259mizl\u0259y\u0259n makinalar.<br \/>\n1\/3 toyuqlu<br \/>\n3\/5 toyuqlu<br \/>\n5\/8 toyuqlu<br \/>\n8\/10 toyuqlu<br \/>\n11\/15 toyuqlu<br \/>\n15\/20 toyuqlu<\/p>","protected":false},"featured_media":2750,"template":"","meta":{"_joinchat":[]},"product_brand":[],"product_cat":[23,115],"product_tag":[],"class_list":{"0":"post-2745","1":"product","2":"type-product","3":"status-publish","4":"has-post-thumbnail","6":"product_cat-all-products","7":"product_cat-cimuka-toyuq-yolan-makina","8":"rsfv-has-video","10":"first","11":"instock","12":"shipping-taxable","13":"purchasable","14":"product-type-simple"},"yoast_head":"<!-- This site is optimized with the Yoast SEO plugin v26.6 - https:\/\/yoast.com\/wordpress\/plugins\/seo\/ -->\n<title>Toyuq t\u00fck\u00fc t\u0259mizl\u0259m\u0259 makinas\u0131 - Makinalar.az<\/title>\n<meta name=\"robots\" content=\"index, follow, max-snippet:-1, max-image-preview:large, max-video-preview:-1\" \/>\n<link rel=\"canonical\" href=\"https:\/\/makinalar.az\/az\/shop\/toyuq-tuku-t\u0259mizl\u0259yen-makina\/\" \/>\n<meta property=\"og:locale\" content=\"az_AZ\" \/>\n<meta property=\"og:type\" content=\"article\" \/>\n<meta property=\"og:title\" content=\"Toyuq t\u00fck\u00fc t\u0259mizl\u0259m\u0259 makinas\u0131 - Makinalar.az\" \/>\n<meta property=\"og:description\" content=\"Kitay zavod istehsal\u0131 olan paslanmaz materialdan toyuq t\u00fck\u00fc t\u0259mizl\u0259y\u0259n makinalar. 1\/3 toyuqlu 3\/5 toyuqlu 5\/8 toyuqlu 8\/10 toyuqlu 11\/15 toyuqlu 15\/20 toyuqlu\" \/>\n<meta property=\"og:url\" content=\"https:\/\/makinalar.az\/az\/shop\/toyuq-tuku-t\u0259mizl\u0259yen-makina\/\" \/>\n<meta property=\"og:site_name\" content=\"Makinalar.az\" \/>\n<meta property=\"article:modified_time\" content=\"2024-02-26T20:19:49+00:00\" \/>\n<meta property=\"og:image\" content=\"https:\/\/makinalar.az\/wp-content\/uploads\/2024\/02\/WhatsApp-Image-2024-02-21-at-11.37.52\u202fPM.jpeg\" \/>\n\t<meta property=\"og:image:width\" content=\"1024\" \/>\n\t<meta property=\"og:image:height\" content=\"975\" \/>\n\t<meta property=\"og:image:type\" content=\"image\/jpeg\" \/>\n<meta name=\"twitter:card\" content=\"summary_large_image\" \/>\n<script type=\"application\/ld+json\" class=\"yoast-schema-graph\">{\"@context\":\"https:\/\/schema.org\",\"@graph\":[{\"@type\":\"WebPage\",\"@id\":\"https:\/\/makinalar.az\/az\/shop\/toyuq-tuku-t%c9%99mizl%c9%99yen-makina\/\",\"url\":\"https:\/\/makinalar.az\/az\/shop\/toyuq-tuku-t%c9%99mizl%c9%99yen-makina\/\",\"name\":\"Toyuq t\u00fck\u00fc t\u0259mizl\u0259m\u0259 makinas\u0131 - Makinalar.az\",\"isPartOf\":{\"@id\":\"https:\/\/makinalar.az\/az\/#website\"},\"primaryImageOfPage\":{\"@id\":\"https:\/\/makinalar.az\/az\/shop\/toyuq-tuku-t%c9%99mizl%c9%99yen-makina\/#primaryimage\"},\"image\":{\"@id\":\"https:\/\/makinalar.az\/az\/shop\/toyuq-tuku-t%c9%99mizl%c9%99yen-makina\/#primaryimage\"},\"thumbnailUrl\":\"https:\/\/makinalar.az\/wp-content\/uploads\/2024\/02\/WhatsApp-Image-2024-02-21-at-11.37.52\u202fPM.jpeg\",\"datePublished\":\"2024-02-21T20:13:41+00:00\",\"dateModified\":\"2024-02-26T20:19:49+00:00\",\"breadcrumb\":{\"@id\":\"https:\/\/makinalar.az\/az\/shop\/toyuq-tuku-t%c9%99mizl%c9%99yen-makina\/#breadcrumb\"},\"inLanguage\":\"az\",\"potentialAction\":[{\"@type\":\"ReadAction\",\"target\":[\"https:\/\/makinalar.az\/az\/shop\/toyuq-tuku-t%c9%99mizl%c9%99yen-makina\/\"]}]},{\"@type\":\"ImageObject\",\"inLanguage\":\"az\",\"@id\":\"https:\/\/makinalar.az\/az\/shop\/toyuq-tuku-t%c9%99mizl%c9%99yen-makina\/#primaryimage\",\"url\":\"https:\/\/makinalar.az\/wp-content\/uploads\/2024\/02\/WhatsApp-Image-2024-02-21-at-11.37.52\u202fPM.jpeg\",\"contentUrl\":\"https:\/\/makinalar.az\/wp-content\/uploads\/2024\/02\/WhatsApp-Image-2024-02-21-at-11.37.52\u202fPM.jpeg\",\"width\":1024,\"height\":975},{\"@type\":\"BreadcrumbList\",\"@id\":\"https:\/\/makinalar.az\/az\/shop\/toyuq-tuku-t%c9%99mizl%c9%99yen-makina\/#breadcrumb\",\"itemListElement\":[{\"@type\":\"ListItem\",\"position\":1,\"name\":\"Home\",\"item\":\"https:\/\/makinalar.az\/\"},{\"@type\":\"ListItem\",\"position\":2,\"name\":\"M\u0259hsullar\u0131m\u0131z\",\"item\":\"https:\/\/makinalar.az\/\"},{\"@type\":\"ListItem\",\"position\":3,\"name\":\"Toyuq t\u00fck\u00fc t\u0259mizl\u0259m\u0259 makinas\u0131\"}]},{\"@type\":\"WebSite\",\"@id\":\"https:\/\/makinalar.az\/az\/#website\",\"url\":\"https:\/\/makinalar.az\/az\/\",\"name\":\"MAKINALAR AZ\",\"description\":\"Ist\u0259nil\u0259n makinalar\u0131n v\u0259 avadanl\u0131qlar\u0131n sifari\u015f q\u0259bulu\",\"potentialAction\":[{\"@type\":\"SearchAction\",\"target\":{\"@type\":\"EntryPoint\",\"urlTemplate\":\"https:\/\/makinalar.az\/az\/?s={search_term_string}\"},\"query-input\":{\"@type\":\"PropertyValueSpecification\",\"valueRequired\":true,\"valueName\":\"search_term_string\"}}],\"inLanguage\":\"az\"}]}<\/script>\n<!-- \/ Yoast SEO plugin. -->","yoast_head_json":{"title":"Toyuq t\u00fck\u00fc t\u0259mizl\u0259m\u0259 makinas\u0131 - Makinalar.az","robots":{"index":"index","follow":"follow","max-snippet":"max-snippet:-1","max-image-preview":"max-image-preview:large","max-video-preview":"max-video-preview:-1"},"canonical":"https:\/\/makinalar.az\/az\/shop\/toyuq-tuku-t\u0259mizl\u0259yen-makina\/","og_locale":"az_AZ","og_type":"article","og_title":"Toyuq t\u00fck\u00fc t\u0259mizl\u0259m\u0259 makinas\u0131 - Makinalar.az","og_description":"Kitay zavod istehsal\u0131 olan paslanmaz materialdan toyuq t\u00fck\u00fc t\u0259mizl\u0259y\u0259n makinalar. 1\/3 toyuqlu 3\/5 toyuqlu 5\/8 toyuqlu 8\/10 toyuqlu 11\/15 toyuqlu 15\/20 toyuqlu","og_url":"https:\/\/makinalar.az\/az\/shop\/toyuq-tuku-t\u0259mizl\u0259yen-makina\/","og_site_name":"Makinalar.az","article_modified_time":"2024-02-26T20:19:49+00:00","og_image":[{"width":1024,"height":975,"url":"https:\/\/makinalar.az\/wp-content\/uploads\/2024\/02\/WhatsApp-Image-2024-02-21-at-11.37.52\u202fPM.jpeg","type":"image\/jpeg"}],"twitter_card":"summary_large_image","schema":{"@context":"https:\/\/schema.org","@graph":[{"@type":"WebPage","@id":"https:\/\/makinalar.az\/az\/shop\/toyuq-tuku-t%c9%99mizl%c9%99yen-makina\/","url":"https:\/\/makinalar.az\/az\/shop\/toyuq-tuku-t%c9%99mizl%c9%99yen-makina\/","name":"Toyuq t\u00fck\u00fc t\u0259mizl\u0259m\u0259 makinas\u0131 - Makinalar.az","isPartOf":{"@id":"https:\/\/makinalar.az\/az\/#website"},"primaryImageOfPage":{"@id":"https:\/\/makinalar.az\/az\/shop\/toyuq-tuku-t%c9%99mizl%c9%99yen-makina\/#primaryimage"},"image":{"@id":"https:\/\/makinalar.az\/az\/shop\/toyuq-tuku-t%c9%99mizl%c9%99yen-makina\/#primaryimage"},"thumbnailUrl":"https:\/\/makinalar.az\/wp-content\/uploads\/2024\/02\/WhatsApp-Image-2024-02-21-at-11.37.52\u202fPM.jpeg","datePublished":"2024-02-21T20:13:41+00:00","dateModified":"2024-02-26T20:19:49+00:00","breadcrumb":{"@id":"https:\/\/makinalar.az\/az\/shop\/toyuq-tuku-t%c9%99mizl%c9%99yen-makina\/#breadcrumb"},"inLanguage":"az","potentialAction":[{"@type":"ReadAction","target":["https:\/\/makinalar.az\/az\/shop\/toyuq-tuku-t%c9%99mizl%c9%99yen-makina\/"]}]},{"@type":"ImageObject","inLanguage":"az","@id":"https:\/\/makinalar.az\/az\/shop\/toyuq-tuku-t%c9%99mizl%c9%99yen-makina\/#primaryimage","url":"https:\/\/makinalar.az\/wp-content\/uploads\/2024\/02\/WhatsApp-Image-2024-02-21-at-11.37.52\u202fPM.jpeg","contentUrl":"https:\/\/makinalar.az\/wp-content\/uploads\/2024\/02\/WhatsApp-Image-2024-02-21-at-11.37.52\u202fPM.jpeg","width":1024,"height":975},{"@type":"BreadcrumbList","@id":"https:\/\/makinalar.az\/az\/shop\/toyuq-tuku-t%c9%99mizl%c9%99yen-makina\/#breadcrumb","itemListElement":[{"@type":"ListItem","position":1,"name":"Home","item":"https:\/\/makinalar.az\/"},{"@type":"ListItem","position":2,"name":"M\u0259hsullar\u0131m\u0131z","item":"https:\/\/makinalar.az\/"},{"@type":"ListItem","position":3,"name":"Toyuq t\u00fck\u00fc t\u0259mizl\u0259m\u0259 makinas\u0131"}]},{"@type":"WebSite","@id":"https:\/\/makinalar.az\/az\/#website","url":"https:\/\/makinalar.az\/az\/","name":"MAKINALAR AZ","description":"Ist\u0259nil\u0259n makinalar\u0131n v\u0259 avadanl\u0131qlar\u0131n sifari\u015f q\u0259bulu","potentialAction":[{"@type":"SearchAction","target":{"@type":"EntryPoint","urlTemplate":"https:\/\/makinalar.az\/az\/?s={search_term_string}"},"query-input":{"@type":"PropertyValueSpecification","valueRequired":true,"valueName":"search_term_string"}}],"inLanguage":"az"}]}},"_links":{"self":[{"href":"https:\/\/makinalar.az\/az\/wp-json\/wp\/v2\/product\/2745","targetHints":{"allow":["GET"]}}],"collection":[{"href":"https:\/\/makinalar.az\/az\/wp-json\/wp\/v2\/product"}],"about":[{"href":"https:\/\/makinalar.az\/az\/wp-json\/wp\/v2\/types\/product"}],"wp:featuredmedia":[{"embeddable":true,"href":"https:\/\/makinalar.az\/az\/wp-json\/wp\/v2\/media\/2750"}],"wp:attachment":[{"href":"https:\/\/makinalar.az\/az\/wp-json\/wp\/v2\/media?parent=2745"}],"wp:term":[{"taxonomy":"product_brand","embeddable":true,"href":"https:\/\/makinalar.az\/az\/wp-json\/wp\/v2\/product_brand?post=2745"},{"taxonomy":"product_cat","embeddable":true,"href":"https:\/\/makinalar.az\/az\/wp-json\/wp\/v2\/product_cat?post=2745"},{"taxonomy":"product_tag","embeddable":true,"href":"https:\/\/makinalar.az\/az\/wp-json\/wp\/v2\/product_tag?post=2745"}],"curies":[{"name":"wp","href":"https:\/\/api.w.org\/{rel}","templated":true}]}}