{"id":2602,"date":"2024-02-09T12:47:53","date_gmt":"2024-02-09T12:47:53","guid":{"rendered":"https:\/\/makinalar.az\/?post_type=product&#038;p=2602"},"modified":"2024-02-26T20:19:49","modified_gmt":"2024-02-26T20:19:49","slug":"%f0%9f%87%b9%f0%9f%87%b7beratlar%f0%9f%87%b9%f0%9f%87%b7-yem-ot-uyud%c9%99n-makina-2","status":"publish","type":"product","link":"https:\/\/makinalar.az\/az\/shop\/%f0%9f%87%b9%f0%9f%87%b7beratlar%f0%9f%87%b9%f0%9f%87%b7-yem-ot-uyud%c9%99n-makina-2\/","title":{"rendered":"\ud83c\uddf9\ud83c\uddf7Beratlar\ud83c\uddf9\ud83c\uddf7 Yem\/Ot \u00fcy\u00fcd\u0259n makina."},"content":{"rendered":"<p>\ud83c\uddf9\ud83c\uddf7Beratlar\ud83c\uddf9\ud83c\uddf7<br \/>\nYem\/Ot \u00fcy\u00fcd\u0259n makina.<br \/>\nKardanl\u0131\/Traktora qo\u015fulan<br \/>\n48 b\u0131\u00e7aql\u0131,3 remenli.<br \/>\n1 saat\/2,5 ton yem<br \/>\n1 saat\/15 bas\u0131n<\/p>","protected":false},"excerpt":{"rendered":"<p>\ud83c\uddf9\ud83c\uddf7Beratlar\ud83c\uddf9\ud83c\uddf7<br \/>\nYem\/Ot \u00fcy\u00fcd\u0259n makina.<br \/>\nKardanl\u0131\/Traktora qo\u015fulan<br \/>\n48 b\u0131\u00e7aql\u0131,3 remenli.<br \/>\n1 saat\/2,5 ton yem<br \/>\n1 saat\/15 bas\u0131n<\/p>","protected":false},"featured_media":2603,"template":"","meta":{"_joinchat":[]},"product_brand":[],"product_cat":[23,112],"product_tag":[],"class_list":{"0":"post-2602","1":"product","2":"type-product","3":"status-publish","4":"has-post-thumbnail","6":"product_cat-all-products","7":"product_cat-yem-ot-uyudnlr-3-fazali-kardanli","8":"rsfv-has-video","10":"first","11":"instock","12":"shipping-taxable","13":"purchasable","14":"product-type-simple"},"yoast_head":"<!-- This site is optimized with the Yoast SEO plugin v26.6 - https:\/\/yoast.com\/wordpress\/plugins\/seo\/ -->\n<title>\ud83c\uddf9\ud83c\uddf7Beratlar\ud83c\uddf9\ud83c\uddf7 Yem\/Ot \u00fcy\u00fcd\u0259n makina. - Makinalar.az<\/title>\n<meta name=\"robots\" content=\"index, follow, max-snippet:-1, max-image-preview:large, max-video-preview:-1\" \/>\n<link rel=\"canonical\" href=\"https:\/\/makinalar.az\/az\/shop\/\ud83c\uddf9\ud83c\uddf7beratlar\ud83c\uddf9\ud83c\uddf7-yem-ot-uyud\u0259n-makina-2\/\" \/>\n<meta property=\"og:locale\" content=\"az_AZ\" \/>\n<meta property=\"og:type\" content=\"article\" \/>\n<meta property=\"og:title\" content=\"\ud83c\uddf9\ud83c\uddf7Beratlar\ud83c\uddf9\ud83c\uddf7 Yem\/Ot \u00fcy\u00fcd\u0259n makina. - Makinalar.az\" \/>\n<meta property=\"og:description\" content=\"\ud83c\uddf9\ud83c\uddf7Beratlar\ud83c\uddf9\ud83c\uddf7 Yem\/Ot \u00fcy\u00fcd\u0259n makina. Kardanl\u0131\/Traktora qo\u015fulan 48 b\u0131\u00e7aql\u0131,3 remenli. 1 saat\/2.5 ton yem 1 saat\/15 press\" \/>\n<meta property=\"og:url\" content=\"https:\/\/makinalar.az\/az\/shop\/\ud83c\uddf9\ud83c\uddf7beratlar\ud83c\uddf9\ud83c\uddf7-yem-ot-uyud\u0259n-makina-2\/\" \/>\n<meta property=\"og:site_name\" content=\"Makinalar.az\" \/>\n<meta property=\"article:modified_time\" content=\"2024-02-26T20:19:49+00:00\" \/>\n<meta property=\"og:image\" content=\"https:\/\/makinalar.az\/wp-content\/uploads\/2024\/02\/WhatsApp-Image-2024-01-25-at-1.12.25\u202fAM-2.jpeg\" \/>\n\t<meta property=\"og:image:width\" content=\"960\" \/>\n\t<meta property=\"og:image:height\" content=\"1280\" \/>\n\t<meta property=\"og:image:type\" content=\"image\/jpeg\" \/>\n<meta name=\"twitter:card\" content=\"summary_large_image\" \/>\n<script type=\"application\/ld+json\" class=\"yoast-schema-graph\">{\"@context\":\"https:\/\/schema.org\",\"@graph\":[{\"@type\":\"WebPage\",\"@id\":\"https:\/\/makinalar.az\/az\/shop\/%f0%9f%87%b9%f0%9f%87%b7beratlar%f0%9f%87%b9%f0%9f%87%b7-yem-ot-uyud%c9%99n-makina-2\/\",\"url\":\"https:\/\/makinalar.az\/az\/shop\/%f0%9f%87%b9%f0%9f%87%b7beratlar%f0%9f%87%b9%f0%9f%87%b7-yem-ot-uyud%c9%99n-makina-2\/\",\"name\":\"\ud83c\uddf9\ud83c\uddf7Beratlar\ud83c\uddf9\ud83c\uddf7 Yem\/Ot \u00fcy\u00fcd\u0259n makina. - Makinalar.az\",\"isPartOf\":{\"@id\":\"https:\/\/makinalar.az\/az\/#website\"},\"primaryImageOfPage\":{\"@id\":\"https:\/\/makinalar.az\/az\/shop\/%f0%9f%87%b9%f0%9f%87%b7beratlar%f0%9f%87%b9%f0%9f%87%b7-yem-ot-uyud%c9%99n-makina-2\/#primaryimage\"},\"image\":{\"@id\":\"https:\/\/makinalar.az\/az\/shop\/%f0%9f%87%b9%f0%9f%87%b7beratlar%f0%9f%87%b9%f0%9f%87%b7-yem-ot-uyud%c9%99n-makina-2\/#primaryimage\"},\"thumbnailUrl\":\"https:\/\/makinalar.az\/wp-content\/uploads\/2024\/02\/WhatsApp-Image-2024-01-25-at-1.12.25\u202fAM-2.jpeg\",\"datePublished\":\"2024-02-09T12:47:53+00:00\",\"dateModified\":\"2024-02-26T20:19:49+00:00\",\"breadcrumb\":{\"@id\":\"https:\/\/makinalar.az\/az\/shop\/%f0%9f%87%b9%f0%9f%87%b7beratlar%f0%9f%87%b9%f0%9f%87%b7-yem-ot-uyud%c9%99n-makina-2\/#breadcrumb\"},\"inLanguage\":\"az\",\"potentialAction\":[{\"@type\":\"ReadAction\",\"target\":[\"https:\/\/makinalar.az\/az\/shop\/%f0%9f%87%b9%f0%9f%87%b7beratlar%f0%9f%87%b9%f0%9f%87%b7-yem-ot-uyud%c9%99n-makina-2\/\"]}]},{\"@type\":\"ImageObject\",\"inLanguage\":\"az\",\"@id\":\"https:\/\/makinalar.az\/az\/shop\/%f0%9f%87%b9%f0%9f%87%b7beratlar%f0%9f%87%b9%f0%9f%87%b7-yem-ot-uyud%c9%99n-makina-2\/#primaryimage\",\"url\":\"https:\/\/makinalar.az\/wp-content\/uploads\/2024\/02\/WhatsApp-Image-2024-01-25-at-1.12.25\u202fAM-2.jpeg\",\"contentUrl\":\"https:\/\/makinalar.az\/wp-content\/uploads\/2024\/02\/WhatsApp-Image-2024-01-25-at-1.12.25\u202fAM-2.jpeg\",\"width\":960,\"height\":1280},{\"@type\":\"BreadcrumbList\",\"@id\":\"https:\/\/makinalar.az\/az\/shop\/%f0%9f%87%b9%f0%9f%87%b7beratlar%f0%9f%87%b9%f0%9f%87%b7-yem-ot-uyud%c9%99n-makina-2\/#breadcrumb\",\"itemListElement\":[{\"@type\":\"ListItem\",\"position\":1,\"name\":\"Home\",\"item\":\"https:\/\/makinalar.az\/\"},{\"@type\":\"ListItem\",\"position\":2,\"name\":\"M\u0259hsullar\u0131m\u0131z\",\"item\":\"https:\/\/makinalar.az\/\"},{\"@type\":\"ListItem\",\"position\":3,\"name\":\"\ud83c\uddf9\ud83c\uddf7Beratlar\ud83c\uddf9\ud83c\uddf7 Yem\/Ot \u00fcy\u00fcd\u0259n makina.\"}]},{\"@type\":\"WebSite\",\"@id\":\"https:\/\/makinalar.az\/az\/#website\",\"url\":\"https:\/\/makinalar.az\/az\/\",\"name\":\"MAKINALAR AZ\",\"description\":\"Ist\u0259nil\u0259n makinalar\u0131n v\u0259 avadanl\u0131qlar\u0131n sifari\u015f q\u0259bulu\",\"potentialAction\":[{\"@type\":\"SearchAction\",\"target\":{\"@type\":\"EntryPoint\",\"urlTemplate\":\"https:\/\/makinalar.az\/az\/?s={search_term_string}\"},\"query-input\":{\"@type\":\"PropertyValueSpecification\",\"valueRequired\":true,\"valueName\":\"search_term_string\"}}],\"inLanguage\":\"az\"}]}<\/script>\n<!-- \/ Yoast SEO plugin. -->","yoast_head_json":{"title":"\ud83c\uddf9\ud83c\uddf7Beratlar\ud83c\uddf9\ud83c\uddf7 Yem\/Ot \u00fcy\u00fcd\u0259n makina. - Makinalar.az","robots":{"index":"index","follow":"follow","max-snippet":"max-snippet:-1","max-image-preview":"max-image-preview:large","max-video-preview":"max-video-preview:-1"},"canonical":"https:\/\/makinalar.az\/az\/shop\/\ud83c\uddf9\ud83c\uddf7beratlar\ud83c\uddf9\ud83c\uddf7-yem-ot-uyud\u0259n-makina-2\/","og_locale":"az_AZ","og_type":"article","og_title":"\ud83c\uddf9\ud83c\uddf7Beratlar\ud83c\uddf9\ud83c\uddf7 Yem\/Ot \u00fcy\u00fcd\u0259n makina. - Makinalar.az","og_description":"\ud83c\uddf9\ud83c\uddf7Beratlar\ud83c\uddf9\ud83c\uddf7 Yem\/Ot \u00fcy\u00fcd\u0259n makina. Kardanl\u0131\/Traktora qo\u015fulan 48 b\u0131\u00e7aql\u0131,3 remenli. 1 saat\/2.5 ton yem 1 saat\/15 press","og_url":"https:\/\/makinalar.az\/az\/shop\/\ud83c\uddf9\ud83c\uddf7beratlar\ud83c\uddf9\ud83c\uddf7-yem-ot-uyud\u0259n-makina-2\/","og_site_name":"Makinalar.az","article_modified_time":"2024-02-26T20:19:49+00:00","og_image":[{"width":960,"height":1280,"url":"https:\/\/makinalar.az\/wp-content\/uploads\/2024\/02\/WhatsApp-Image-2024-01-25-at-1.12.25\u202fAM-2.jpeg","type":"image\/jpeg"}],"twitter_card":"summary_large_image","schema":{"@context":"https:\/\/schema.org","@graph":[{"@type":"WebPage","@id":"https:\/\/makinalar.az\/az\/shop\/%f0%9f%87%b9%f0%9f%87%b7beratlar%f0%9f%87%b9%f0%9f%87%b7-yem-ot-uyud%c9%99n-makina-2\/","url":"https:\/\/makinalar.az\/az\/shop\/%f0%9f%87%b9%f0%9f%87%b7beratlar%f0%9f%87%b9%f0%9f%87%b7-yem-ot-uyud%c9%99n-makina-2\/","name":"\ud83c\uddf9\ud83c\uddf7Beratlar\ud83c\uddf9\ud83c\uddf7 Yem\/Ot \u00fcy\u00fcd\u0259n makina. - Makinalar.az","isPartOf":{"@id":"https:\/\/makinalar.az\/az\/#website"},"primaryImageOfPage":{"@id":"https:\/\/makinalar.az\/az\/shop\/%f0%9f%87%b9%f0%9f%87%b7beratlar%f0%9f%87%b9%f0%9f%87%b7-yem-ot-uyud%c9%99n-makina-2\/#primaryimage"},"image":{"@id":"https:\/\/makinalar.az\/az\/shop\/%f0%9f%87%b9%f0%9f%87%b7beratlar%f0%9f%87%b9%f0%9f%87%b7-yem-ot-uyud%c9%99n-makina-2\/#primaryimage"},"thumbnailUrl":"https:\/\/makinalar.az\/wp-content\/uploads\/2024\/02\/WhatsApp-Image-2024-01-25-at-1.12.25\u202fAM-2.jpeg","datePublished":"2024-02-09T12:47:53+00:00","dateModified":"2024-02-26T20:19:49+00:00","breadcrumb":{"@id":"https:\/\/makinalar.az\/az\/shop\/%f0%9f%87%b9%f0%9f%87%b7beratlar%f0%9f%87%b9%f0%9f%87%b7-yem-ot-uyud%c9%99n-makina-2\/#breadcrumb"},"inLanguage":"az","potentialAction":[{"@type":"ReadAction","target":["https:\/\/makinalar.az\/az\/shop\/%f0%9f%87%b9%f0%9f%87%b7beratlar%f0%9f%87%b9%f0%9f%87%b7-yem-ot-uyud%c9%99n-makina-2\/"]}]},{"@type":"ImageObject","inLanguage":"az","@id":"https:\/\/makinalar.az\/az\/shop\/%f0%9f%87%b9%f0%9f%87%b7beratlar%f0%9f%87%b9%f0%9f%87%b7-yem-ot-uyud%c9%99n-makina-2\/#primaryimage","url":"https:\/\/makinalar.az\/wp-content\/uploads\/2024\/02\/WhatsApp-Image-2024-01-25-at-1.12.25\u202fAM-2.jpeg","contentUrl":"https:\/\/makinalar.az\/wp-content\/uploads\/2024\/02\/WhatsApp-Image-2024-01-25-at-1.12.25\u202fAM-2.jpeg","width":960,"height":1280},{"@type":"BreadcrumbList","@id":"https:\/\/makinalar.az\/az\/shop\/%f0%9f%87%b9%f0%9f%87%b7beratlar%f0%9f%87%b9%f0%9f%87%b7-yem-ot-uyud%c9%99n-makina-2\/#breadcrumb","itemListElement":[{"@type":"ListItem","position":1,"name":"Home","item":"https:\/\/makinalar.az\/"},{"@type":"ListItem","position":2,"name":"M\u0259hsullar\u0131m\u0131z","item":"https:\/\/makinalar.az\/"},{"@type":"ListItem","position":3,"name":"\ud83c\uddf9\ud83c\uddf7Beratlar\ud83c\uddf9\ud83c\uddf7 Yem\/Ot \u00fcy\u00fcd\u0259n makina."}]},{"@type":"WebSite","@id":"https:\/\/makinalar.az\/az\/#website","url":"https:\/\/makinalar.az\/az\/","name":"MAKINALAR AZ","description":"Ist\u0259nil\u0259n makinalar\u0131n v\u0259 avadanl\u0131qlar\u0131n sifari\u015f q\u0259bulu","potentialAction":[{"@type":"SearchAction","target":{"@type":"EntryPoint","urlTemplate":"https:\/\/makinalar.az\/az\/?s={search_term_string}"},"query-input":{"@type":"PropertyValueSpecification","valueRequired":true,"valueName":"search_term_string"}}],"inLanguage":"az"}]}},"_links":{"self":[{"href":"https:\/\/makinalar.az\/az\/wp-json\/wp\/v2\/product\/2602","targetHints":{"allow":["GET"]}}],"collection":[{"href":"https:\/\/makinalar.az\/az\/wp-json\/wp\/v2\/product"}],"about":[{"href":"https:\/\/makinalar.az\/az\/wp-json\/wp\/v2\/types\/product"}],"wp:featuredmedia":[{"embeddable":true,"href":"https:\/\/makinalar.az\/az\/wp-json\/wp\/v2\/media\/2603"}],"wp:attachment":[{"href":"https:\/\/makinalar.az\/az\/wp-json\/wp\/v2\/media?parent=2602"}],"wp:term":[{"taxonomy":"product_brand","embeddable":true,"href":"https:\/\/makinalar.az\/az\/wp-json\/wp\/v2\/product_brand?post=2602"},{"taxonomy":"product_cat","embeddable":true,"href":"https:\/\/makinalar.az\/az\/wp-json\/wp\/v2\/product_cat?post=2602"},{"taxonomy":"product_tag","embeddable":true,"href":"https:\/\/makinalar.az\/az\/wp-json\/wp\/v2\/product_tag?post=2602"}],"curies":[{"name":"wp","href":"https:\/\/api.w.org\/{rel}","templated":true}]}}