{"id":2578,"date":"2024-02-09T12:35:34","date_gmt":"2024-02-09T12:35:34","guid":{"rendered":"https:\/\/makinalar.az\/?post_type=product&#038;p=2578"},"modified":"2026-03-12T12:36:15","modified_gmt":"2026-03-12T12:36:15","slug":"yemarpabugdaqargidaliotsamanmaralfalfayas-v%c9%99-quru-ot-h%c9%99m-ozu-sovuran-xortumlu-h%c9%99m-elavatorlu","status":"publish","type":"product","link":"https:\/\/makinalar.az\/az\/shop\/yemarpabugdaqargidaliotsamanmaralfalfayas-v%c9%99-quru-ot-h%c9%99m-ozu-sovuran-xortumlu-h%c9%99m-elavatorlu\/","title":{"rendered":"Yem,Arpa,Bu\u011fda,Qar\u011f\u0131dal\u0131,Ot,Saman,Maralfalfa,Ya\u015f v\u0259 quru ot. H\u0259m \u00f6z\u00fc sovuran xortumlu h\u0259m elavatorlu"},"content":{"rendered":"<p>Yem,Arpa,Bu\u011fda,Qar\u011f\u0131dal\u0131,Ot,Saman,Maralfalfa,Ya\u015f v\u0259 quru ot.<br \/>\nH\u0259m \u00f6z\u00fc sovuran xortumlu h\u0259m elavatorlu<br \/>\n1 saat\/500-700 kq<br \/>\n1 saat\/30 bas\u0131n<br \/>\n1 saat\/2 ton\/ya\u015f ot<br \/>\n0 faza\/220 volt\/4,5 kVt<\/p>","protected":false},"excerpt":{"rendered":"<p>Yem,Arpa,Bu\u011fda,Qar\u011f\u0131dal\u0131,Ot,Saman,Maralfalfa,Ya\u015f v\u0259 quru ot.<br \/>\nH\u0259m \u00f6z\u00fc sovuran xortumlu h\u0259m elavatorlu<br \/>\n1 saat\/500-700 kq<br \/>\n1 saat\/30 bas\u0131n<br \/>\n1 saat\/2 ton\/ya\u015f ot<br \/>\n0 faza\/220 volt\/4,5 kVt<\/p>","protected":false},"featured_media":2941,"template":"","meta":{"_joinchat":[]},"product_brand":[],"product_cat":[100],"product_tag":[],"class_list":{"0":"post-2578","1":"product","2":"type-product","3":"status-publish","4":"has-post-thumbnail","6":"product_cat-yem-ot-uyudn","7":"rsfv-has-video","9":"first","10":"instock","11":"shipping-taxable","12":"purchasable","13":"product-type-simple"},"yoast_head":"<!-- This site is optimized with the Yoast SEO plugin v26.6 - https:\/\/yoast.com\/wordpress\/plugins\/seo\/ -->\n<title>Yem,Arpa,Bu\u011fda,Qar\u011f\u0131dal\u0131,Ot,Saman,Maralfalfa,Ya\u015f v\u0259 quru ot. H\u0259m \u00f6z\u00fc sovuran xortumlu h\u0259m elavatorlu - Makinalar.az<\/title>\n<meta name=\"robots\" content=\"index, follow, max-snippet:-1, max-image-preview:large, max-video-preview:-1\" \/>\n<link rel=\"canonical\" href=\"https:\/\/makinalar.az\/az\/shop\/yemarpabugdaqargidaliotsamanmaralfalfayas-v\u0259-quru-ot-h\u0259m-ozu-sovuran-xortumlu-h\u0259m-elavatorlu\/\" \/>\n<meta property=\"og:locale\" content=\"az_AZ\" \/>\n<meta property=\"og:type\" content=\"article\" \/>\n<meta property=\"og:title\" content=\"Yem,Arpa,Bu\u011fda,Qar\u011f\u0131dal\u0131,Ot,Saman,Maralfalfa,Ya\u015f v\u0259 quru ot. H\u0259m \u00f6z\u00fc sovuran xortumlu h\u0259m elavatorlu - Makinalar.az\" \/>\n<meta property=\"og:description\" content=\"Yem,Arpa,Bu\u011fda,Qar\u011f\u0131dal\u0131,Ot,Saman,Maralfalfa,Ya\u015f v\u0259 quru ot. H\u0259m \u00f6z\u00fc sovuran xortumlu h\u0259m elavatorlu 1 saat\/500-700 kg 1 saat\/30 press 1 saat\/2 ton\/ya\u015f ot 0 faza\/220 volt\/4.5 kw\" \/>\n<meta property=\"og:url\" content=\"https:\/\/makinalar.az\/az\/shop\/yemarpabugdaqargidaliotsamanmaralfalfayas-v\u0259-quru-ot-h\u0259m-ozu-sovuran-xortumlu-h\u0259m-elavatorlu\/\" \/>\n<meta property=\"og:site_name\" content=\"Makinalar.az\" \/>\n<meta property=\"article:modified_time\" content=\"2026-03-12T12:36:15+00:00\" \/>\n<meta property=\"og:image\" content=\"http:\/\/makinalar.az\/wp-content\/uploads\/2024\/02\/PHOTO-2026-03-10-10-00-18.jpg\" \/>\n\t<meta property=\"og:image:width\" content=\"1024\" \/>\n\t<meta property=\"og:image:height\" content=\"1536\" \/>\n\t<meta property=\"og:image:type\" content=\"image\/jpeg\" \/>\n<meta name=\"twitter:card\" content=\"summary_large_image\" \/>\n<meta name=\"twitter:label1\" content=\"Est. reading time\" \/>\n\t<meta name=\"twitter:data1\" content=\"1 minute\" \/>\n<script type=\"application\/ld+json\" class=\"yoast-schema-graph\">{\"@context\":\"https:\/\/schema.org\",\"@graph\":[{\"@type\":\"WebPage\",\"@id\":\"https:\/\/makinalar.az\/shop\/yemarpabugdaqargidaliotsamanmaralfalfayas-v%c9%99-quru-ot-h%c9%99m-ozu-sovuran-xortumlu-h%c9%99m-elavatorlu\/\",\"url\":\"https:\/\/makinalar.az\/shop\/yemarpabugdaqargidaliotsamanmaralfalfayas-v%c9%99-quru-ot-h%c9%99m-ozu-sovuran-xortumlu-h%c9%99m-elavatorlu\/\",\"name\":\"Yem,Arpa,Bu\u011fda,Qar\u011f\u0131dal\u0131,Ot,Saman,Maralfalfa,Ya\u015f v\u0259 quru ot. H\u0259m \u00f6z\u00fc sovuran xortumlu h\u0259m elavatorlu - Makinalar.az\",\"isPartOf\":{\"@id\":\"https:\/\/makinalar.az\/az\/#website\"},\"primaryImageOfPage\":{\"@id\":\"https:\/\/makinalar.az\/shop\/yemarpabugdaqargidaliotsamanmaralfalfayas-v%c9%99-quru-ot-h%c9%99m-ozu-sovuran-xortumlu-h%c9%99m-elavatorlu\/#primaryimage\"},\"image\":{\"@id\":\"https:\/\/makinalar.az\/shop\/yemarpabugdaqargidaliotsamanmaralfalfayas-v%c9%99-quru-ot-h%c9%99m-ozu-sovuran-xortumlu-h%c9%99m-elavatorlu\/#primaryimage\"},\"thumbnailUrl\":\"https:\/\/makinalar.az\/wp-content\/uploads\/2024\/02\/PHOTO-2026-03-10-10-00-18.jpg\",\"datePublished\":\"2024-02-09T12:35:34+00:00\",\"dateModified\":\"2026-03-12T12:36:15+00:00\",\"breadcrumb\":{\"@id\":\"https:\/\/makinalar.az\/shop\/yemarpabugdaqargidaliotsamanmaralfalfayas-v%c9%99-quru-ot-h%c9%99m-ozu-sovuran-xortumlu-h%c9%99m-elavatorlu\/#breadcrumb\"},\"inLanguage\":\"az\",\"potentialAction\":[{\"@type\":\"ReadAction\",\"target\":[\"https:\/\/makinalar.az\/shop\/yemarpabugdaqargidaliotsamanmaralfalfayas-v%c9%99-quru-ot-h%c9%99m-ozu-sovuran-xortumlu-h%c9%99m-elavatorlu\/\"]}]},{\"@type\":\"ImageObject\",\"inLanguage\":\"az\",\"@id\":\"https:\/\/makinalar.az\/shop\/yemarpabugdaqargidaliotsamanmaralfalfayas-v%c9%99-quru-ot-h%c9%99m-ozu-sovuran-xortumlu-h%c9%99m-elavatorlu\/#primaryimage\",\"url\":\"https:\/\/makinalar.az\/wp-content\/uploads\/2024\/02\/PHOTO-2026-03-10-10-00-18.jpg\",\"contentUrl\":\"https:\/\/makinalar.az\/wp-content\/uploads\/2024\/02\/PHOTO-2026-03-10-10-00-18.jpg\",\"width\":1024,\"height\":1536},{\"@type\":\"BreadcrumbList\",\"@id\":\"https:\/\/makinalar.az\/shop\/yemarpabugdaqargidaliotsamanmaralfalfayas-v%c9%99-quru-ot-h%c9%99m-ozu-sovuran-xortumlu-h%c9%99m-elavatorlu\/#breadcrumb\",\"itemListElement\":[{\"@type\":\"ListItem\",\"position\":1,\"name\":\"Home\",\"item\":\"https:\/\/makinalar.az\/\"},{\"@type\":\"ListItem\",\"position\":2,\"name\":\"M\u0259hsullar\u0131m\u0131z\",\"item\":\"https:\/\/makinalar.az\/\"},{\"@type\":\"ListItem\",\"position\":3,\"name\":\"Yem,Arpa,Bu\u011fda,Qar\u011f\u0131dal\u0131,Ot,Saman,Maralfalfa,Ya\u015f v\u0259 quru ot. H\u0259m \u00f6z\u00fc sovuran xortumlu h\u0259m elavatorlu\"}]},{\"@type\":\"WebSite\",\"@id\":\"https:\/\/makinalar.az\/az\/#website\",\"url\":\"https:\/\/makinalar.az\/az\/\",\"name\":\"MAKINALAR AZ\",\"description\":\"Ist\u0259nil\u0259n makinalar\u0131n v\u0259 avadanl\u0131qlar\u0131n sifari\u015f q\u0259bulu\",\"potentialAction\":[{\"@type\":\"SearchAction\",\"target\":{\"@type\":\"EntryPoint\",\"urlTemplate\":\"https:\/\/makinalar.az\/az\/?s={search_term_string}\"},\"query-input\":{\"@type\":\"PropertyValueSpecification\",\"valueRequired\":true,\"valueName\":\"search_term_string\"}}],\"inLanguage\":\"az\"}]}<\/script>\n<!-- \/ Yoast SEO plugin. -->","yoast_head_json":{"title":"Yem,Arpa,Bu\u011fda,Qar\u011f\u0131dal\u0131,Ot,Saman,Maralfalfa,Ya\u015f v\u0259 quru ot. H\u0259m \u00f6z\u00fc sovuran xortumlu h\u0259m elavatorlu - Makinalar.az","robots":{"index":"index","follow":"follow","max-snippet":"max-snippet:-1","max-image-preview":"max-image-preview:large","max-video-preview":"max-video-preview:-1"},"canonical":"https:\/\/makinalar.az\/az\/shop\/yemarpabugdaqargidaliotsamanmaralfalfayas-v\u0259-quru-ot-h\u0259m-ozu-sovuran-xortumlu-h\u0259m-elavatorlu\/","og_locale":"az_AZ","og_type":"article","og_title":"Yem,Arpa,Bu\u011fda,Qar\u011f\u0131dal\u0131,Ot,Saman,Maralfalfa,Ya\u015f v\u0259 quru ot. H\u0259m \u00f6z\u00fc sovuran xortumlu h\u0259m elavatorlu - Makinalar.az","og_description":"Yem,Arpa,Bu\u011fda,Qar\u011f\u0131dal\u0131,Ot,Saman,Maralfalfa,Ya\u015f v\u0259 quru ot. H\u0259m \u00f6z\u00fc sovuran xortumlu h\u0259m elavatorlu 1 saat\/500-700 kg 1 saat\/30 press 1 saat\/2 ton\/ya\u015f ot 0 faza\/220 volt\/4.5 kw","og_url":"https:\/\/makinalar.az\/az\/shop\/yemarpabugdaqargidaliotsamanmaralfalfayas-v\u0259-quru-ot-h\u0259m-ozu-sovuran-xortumlu-h\u0259m-elavatorlu\/","og_site_name":"Makinalar.az","article_modified_time":"2026-03-12T12:36:15+00:00","og_image":[{"width":1024,"height":1536,"url":"http:\/\/makinalar.az\/wp-content\/uploads\/2024\/02\/PHOTO-2026-03-10-10-00-18.jpg","type":"image\/jpeg"}],"twitter_card":"summary_large_image","twitter_misc":{"Est. reading time":"1 minute"},"schema":{"@context":"https:\/\/schema.org","@graph":[{"@type":"WebPage","@id":"https:\/\/makinalar.az\/shop\/yemarpabugdaqargidaliotsamanmaralfalfayas-v%c9%99-quru-ot-h%c9%99m-ozu-sovuran-xortumlu-h%c9%99m-elavatorlu\/","url":"https:\/\/makinalar.az\/shop\/yemarpabugdaqargidaliotsamanmaralfalfayas-v%c9%99-quru-ot-h%c9%99m-ozu-sovuran-xortumlu-h%c9%99m-elavatorlu\/","name":"Yem,Arpa,Bu\u011fda,Qar\u011f\u0131dal\u0131,Ot,Saman,Maralfalfa,Ya\u015f v\u0259 quru ot. H\u0259m \u00f6z\u00fc sovuran xortumlu h\u0259m elavatorlu - Makinalar.az","isPartOf":{"@id":"https:\/\/makinalar.az\/az\/#website"},"primaryImageOfPage":{"@id":"https:\/\/makinalar.az\/shop\/yemarpabugdaqargidaliotsamanmaralfalfayas-v%c9%99-quru-ot-h%c9%99m-ozu-sovuran-xortumlu-h%c9%99m-elavatorlu\/#primaryimage"},"image":{"@id":"https:\/\/makinalar.az\/shop\/yemarpabugdaqargidaliotsamanmaralfalfayas-v%c9%99-quru-ot-h%c9%99m-ozu-sovuran-xortumlu-h%c9%99m-elavatorlu\/#primaryimage"},"thumbnailUrl":"https:\/\/makinalar.az\/wp-content\/uploads\/2024\/02\/PHOTO-2026-03-10-10-00-18.jpg","datePublished":"2024-02-09T12:35:34+00:00","dateModified":"2026-03-12T12:36:15+00:00","breadcrumb":{"@id":"https:\/\/makinalar.az\/shop\/yemarpabugdaqargidaliotsamanmaralfalfayas-v%c9%99-quru-ot-h%c9%99m-ozu-sovuran-xortumlu-h%c9%99m-elavatorlu\/#breadcrumb"},"inLanguage":"az","potentialAction":[{"@type":"ReadAction","target":["https:\/\/makinalar.az\/shop\/yemarpabugdaqargidaliotsamanmaralfalfayas-v%c9%99-quru-ot-h%c9%99m-ozu-sovuran-xortumlu-h%c9%99m-elavatorlu\/"]}]},{"@type":"ImageObject","inLanguage":"az","@id":"https:\/\/makinalar.az\/shop\/yemarpabugdaqargidaliotsamanmaralfalfayas-v%c9%99-quru-ot-h%c9%99m-ozu-sovuran-xortumlu-h%c9%99m-elavatorlu\/#primaryimage","url":"https:\/\/makinalar.az\/wp-content\/uploads\/2024\/02\/PHOTO-2026-03-10-10-00-18.jpg","contentUrl":"https:\/\/makinalar.az\/wp-content\/uploads\/2024\/02\/PHOTO-2026-03-10-10-00-18.jpg","width":1024,"height":1536},{"@type":"BreadcrumbList","@id":"https:\/\/makinalar.az\/shop\/yemarpabugdaqargidaliotsamanmaralfalfayas-v%c9%99-quru-ot-h%c9%99m-ozu-sovuran-xortumlu-h%c9%99m-elavatorlu\/#breadcrumb","itemListElement":[{"@type":"ListItem","position":1,"name":"Home","item":"https:\/\/makinalar.az\/"},{"@type":"ListItem","position":2,"name":"M\u0259hsullar\u0131m\u0131z","item":"https:\/\/makinalar.az\/"},{"@type":"ListItem","position":3,"name":"Yem,Arpa,Bu\u011fda,Qar\u011f\u0131dal\u0131,Ot,Saman,Maralfalfa,Ya\u015f v\u0259 quru ot. H\u0259m \u00f6z\u00fc sovuran xortumlu h\u0259m elavatorlu"}]},{"@type":"WebSite","@id":"https:\/\/makinalar.az\/az\/#website","url":"https:\/\/makinalar.az\/az\/","name":"MAKINALAR AZ","description":"Ist\u0259nil\u0259n makinalar\u0131n v\u0259 avadanl\u0131qlar\u0131n sifari\u015f q\u0259bulu","potentialAction":[{"@type":"SearchAction","target":{"@type":"EntryPoint","urlTemplate":"https:\/\/makinalar.az\/az\/?s={search_term_string}"},"query-input":{"@type":"PropertyValueSpecification","valueRequired":true,"valueName":"search_term_string"}}],"inLanguage":"az"}]}},"_links":{"self":[{"href":"https:\/\/makinalar.az\/az\/wp-json\/wp\/v2\/product\/2578","targetHints":{"allow":["GET"]}}],"collection":[{"href":"https:\/\/makinalar.az\/az\/wp-json\/wp\/v2\/product"}],"about":[{"href":"https:\/\/makinalar.az\/az\/wp-json\/wp\/v2\/types\/product"}],"wp:featuredmedia":[{"embeddable":true,"href":"https:\/\/makinalar.az\/az\/wp-json\/wp\/v2\/media\/2941"}],"wp:attachment":[{"href":"https:\/\/makinalar.az\/az\/wp-json\/wp\/v2\/media?parent=2578"}],"wp:term":[{"taxonomy":"product_brand","embeddable":true,"href":"https:\/\/makinalar.az\/az\/wp-json\/wp\/v2\/product_brand?post=2578"},{"taxonomy":"product_cat","embeddable":true,"href":"https:\/\/makinalar.az\/az\/wp-json\/wp\/v2\/product_cat?post=2578"},{"taxonomy":"product_tag","embeddable":true,"href":"https:\/\/makinalar.az\/az\/wp-json\/wp\/v2\/product_tag?post=2578"}],"curies":[{"name":"wp","href":"https:\/\/api.w.org\/{rel}","templated":true}]}}