{"id":2679,"date":"2024-02-09T19:43:32","date_gmt":"2024-02-09T19:43:32","guid":{"rendered":"https:\/\/makinalar.az\/?page_id=2679"},"modified":"2024-02-09T19:52:52","modified_gmt":"2024-02-09T19:52:52","slug":"redirect-whatspap","status":"publish","type":"page","link":"https:\/\/makinalar.az\/az\/redirect-whatspap\/","title":{"rendered":"redirect whatspap"},"content":{"rendered":"<p><!DOCTYPE html><br \/>\n<html lang=\"en\"><br \/>\n<head><br \/>\n    <meta charset=\"UTF-8\"><br \/>\n    <script>\n        window.location.replace(\"https:\/\/api.whatsapp.com\/send\/?phone=%2B994552899040&text&type=phone_number&app_absent=0\");\n    <\/script><br \/>\n    <title>Redirecting&#8230;<\/title><br \/>\n<\/head><br \/>\n<body><\/body><br \/>\n<\/html><\/p>","protected":false},"excerpt":{"rendered":"<p>Redirecting&#8230;<\/p>","protected":false},"author":1,"featured_media":0,"parent":0,"menu_order":0,"comment_status":"closed","ping_status":"closed","template":"elementor_canvas","meta":{"_joinchat":[],"footnotes":""},"class_list":["post-2679","page","type-page","status-publish","hentry"],"yoast_head":"<!-- This site is optimized with the Yoast SEO plugin v26.6 - https:\/\/yoast.com\/wordpress\/plugins\/seo\/ -->\n<title>redirect whatspap - Makinalar.az<\/title>\n<meta name=\"robots\" content=\"index, follow, max-snippet:-1, max-image-preview:large, max-video-preview:-1\" \/>\n<link rel=\"canonical\" href=\"https:\/\/makinalar.az\/az\/redirect-whatspap\/\" \/>\n<meta property=\"og:locale\" content=\"az_AZ\" \/>\n<meta property=\"og:type\" content=\"article\" \/>\n<meta property=\"og:title\" content=\"redirect whatspap - Makinalar.az\" \/>\n<meta property=\"og:description\" content=\"Redirecting&#8230;\" \/>\n<meta property=\"og:url\" content=\"https:\/\/makinalar.az\/az\/redirect-whatspap\/\" \/>\n<meta property=\"og:site_name\" content=\"Makinalar.az\" \/>\n<meta property=\"article:modified_time\" content=\"2024-02-09T19:52:52+00:00\" \/>\n<meta name=\"twitter:card\" content=\"summary_large_image\" \/>\n<script type=\"application\/ld+json\" class=\"yoast-schema-graph\">{\"@context\":\"https:\/\/schema.org\",\"@graph\":[{\"@type\":\"WebPage\",\"@id\":\"https:\/\/makinalar.az\/az\/redirect-whatspap\/\",\"url\":\"https:\/\/makinalar.az\/az\/redirect-whatspap\/\",\"name\":\"redirect whatspap - Makinalar.az\",\"isPartOf\":{\"@id\":\"https:\/\/makinalar.az\/az\/#website\"},\"datePublished\":\"2024-02-09T19:43:32+00:00\",\"dateModified\":\"2024-02-09T19:52:52+00:00\",\"breadcrumb\":{\"@id\":\"https:\/\/makinalar.az\/az\/redirect-whatspap\/#breadcrumb\"},\"inLanguage\":\"az\",\"potentialAction\":[{\"@type\":\"ReadAction\",\"target\":[\"https:\/\/makinalar.az\/az\/redirect-whatspap\/\"]}]},{\"@type\":\"BreadcrumbList\",\"@id\":\"https:\/\/makinalar.az\/az\/redirect-whatspap\/#breadcrumb\",\"itemListElement\":[{\"@type\":\"ListItem\",\"position\":1,\"name\":\"Home\",\"item\":\"https:\/\/makinalar.az\/\"},{\"@type\":\"ListItem\",\"position\":2,\"name\":\"redirect whatspap\"}]},{\"@type\":\"WebSite\",\"@id\":\"https:\/\/makinalar.az\/az\/#website\",\"url\":\"https:\/\/makinalar.az\/az\/\",\"name\":\"MAKINALAR AZ\",\"description\":\"Ist\u0259nil\u0259n makinalar\u0131n v\u0259 avadanl\u0131qlar\u0131n sifari\u015f q\u0259bulu\",\"potentialAction\":[{\"@type\":\"SearchAction\",\"target\":{\"@type\":\"EntryPoint\",\"urlTemplate\":\"https:\/\/makinalar.az\/az\/?s={search_term_string}\"},\"query-input\":{\"@type\":\"PropertyValueSpecification\",\"valueRequired\":true,\"valueName\":\"search_term_string\"}}],\"inLanguage\":\"az\"}]}<\/script>\n<!-- \/ Yoast SEO plugin. -->","yoast_head_json":{"title":"redirect whatspap - Makinalar.az","robots":{"index":"index","follow":"follow","max-snippet":"max-snippet:-1","max-image-preview":"max-image-preview:large","max-video-preview":"max-video-preview:-1"},"canonical":"https:\/\/makinalar.az\/az\/redirect-whatspap\/","og_locale":"az_AZ","og_type":"article","og_title":"redirect whatspap - Makinalar.az","og_description":"Redirecting&#8230;","og_url":"https:\/\/makinalar.az\/az\/redirect-whatspap\/","og_site_name":"Makinalar.az","article_modified_time":"2024-02-09T19:52:52+00:00","twitter_card":"summary_large_image","schema":{"@context":"https:\/\/schema.org","@graph":[{"@type":"WebPage","@id":"https:\/\/makinalar.az\/az\/redirect-whatspap\/","url":"https:\/\/makinalar.az\/az\/redirect-whatspap\/","name":"redirect whatspap - Makinalar.az","isPartOf":{"@id":"https:\/\/makinalar.az\/az\/#website"},"datePublished":"2024-02-09T19:43:32+00:00","dateModified":"2024-02-09T19:52:52+00:00","breadcrumb":{"@id":"https:\/\/makinalar.az\/az\/redirect-whatspap\/#breadcrumb"},"inLanguage":"az","potentialAction":[{"@type":"ReadAction","target":["https:\/\/makinalar.az\/az\/redirect-whatspap\/"]}]},{"@type":"BreadcrumbList","@id":"https:\/\/makinalar.az\/az\/redirect-whatspap\/#breadcrumb","itemListElement":[{"@type":"ListItem","position":1,"name":"Home","item":"https:\/\/makinalar.az\/"},{"@type":"ListItem","position":2,"name":"redirect whatspap"}]},{"@type":"WebSite","@id":"https:\/\/makinalar.az\/az\/#website","url":"https:\/\/makinalar.az\/az\/","name":"MAKINALAR AZ","description":"Ist\u0259nil\u0259n makinalar\u0131n v\u0259 avadanl\u0131qlar\u0131n sifari\u015f q\u0259bulu","potentialAction":[{"@type":"SearchAction","target":{"@type":"EntryPoint","urlTemplate":"https:\/\/makinalar.az\/az\/?s={search_term_string}"},"query-input":{"@type":"PropertyValueSpecification","valueRequired":true,"valueName":"search_term_string"}}],"inLanguage":"az"}]}},"_hostinger_reach_plugin_has_subscription_block":false,"_hostinger_reach_plugin_is_elementor":false,"_links":{"self":[{"href":"https:\/\/makinalar.az\/az\/wp-json\/wp\/v2\/pages\/2679","targetHints":{"allow":["GET"]}}],"collection":[{"href":"https:\/\/makinalar.az\/az\/wp-json\/wp\/v2\/pages"}],"about":[{"href":"https:\/\/makinalar.az\/az\/wp-json\/wp\/v2\/types\/page"}],"author":[{"embeddable":true,"href":"https:\/\/makinalar.az\/az\/wp-json\/wp\/v2\/users\/1"}],"replies":[{"embeddable":true,"href":"https:\/\/makinalar.az\/az\/wp-json\/wp\/v2\/comments?post=2679"}],"version-history":[{"count":0,"href":"https:\/\/makinalar.az\/az\/wp-json\/wp\/v2\/pages\/2679\/revisions"}],"wp:attachment":[{"href":"https:\/\/makinalar.az\/az\/wp-json\/wp\/v2\/media?parent=2679"}],"curies":[{"name":"wp","href":"https:\/\/api.w.org\/{rel}","templated":true}]}}